{"id":5644,"date":"2015-09-24T15:16:00","date_gmt":"2015-09-24T20:16:00","guid":{"rendered":"https:\/\/www.insta-pro.com\/fr\/contact\/"},"modified":"2026-03-20T10:42:42","modified_gmt":"2026-03-20T15:42:42","slug":"contact","status":"publish","type":"page","link":"https:\/\/instapro.spinuhost.com\/fr\/contact\/","title":{"rendered":"Contact"},"content":{"rendered":"","protected":false},"excerpt":{"rendered":"","protected":false},"author":2,"featured_media":19763,"parent":0,"menu_order":0,"comment_status":"closed","ping_status":"closed","template":"template-contact.php","meta":{"_acf_changed":false,"footnotes":""},"class_list":["post-5644","page","type-page","status-publish","has-post-thumbnail","hentry"],"acf":[],"yoast_head":"<!-- This site is optimized with the Yoast SEO Premium plugin v26.2 (Yoast SEO v27.3) - https:\/\/yoast.com\/product\/yoast-seo-premium-wordpress\/ -->\n<title>Technologies et \u00e9quipements de transformation - Insta-Pro International<\/title>\n<meta name=\"description\" content=\"Contactez-nous pour en savoir plus sur les produits et services que nous proposons. Notre grande exp\u00e9rience et nos nombreux brevets nous permettront de vous aider quant \u00e0 vos besoins en \u00e9quipements.\" \/>\n<meta name=\"robots\" content=\"index, follow, max-snippet:-1, max-image-preview:large, max-video-preview:-1\" \/>\n<link rel=\"canonical\" href=\"https:\/\/instapro.spinuhost.com\/fr\/contact\/\" \/>\n<meta property=\"og:locale\" content=\"fr_FR\" \/>\n<meta property=\"og:type\" content=\"article\" \/>\n<meta property=\"og:title\" content=\"Contact\" \/>\n<meta property=\"og:description\" content=\"Contactez-nous pour en savoir plus sur les produits et services que nous proposons. Notre grande exp\u00e9rience et nos nombreux brevets nous permettront de vous aider quant \u00e0 vos besoins en \u00e9quipements.\" \/>\n<meta property=\"og:url\" content=\"https:\/\/instapro.spinuhost.com\/fr\/contact\/\" \/>\n<meta property=\"og:site_name\" content=\"Insta-Pro\" \/>\n<meta property=\"article:publisher\" content=\"https:\/\/www.facebook.com\/instaprointernational\/\" \/>\n<meta property=\"article:modified_time\" content=\"2026-03-20T15:42:42+00:00\" \/>\n<meta property=\"og:image\" content=\"https:\/\/insta-pro.com\/wp-content\/uploads\/2023\/10\/2-InstaProTeamPhoto2023byRitaClark-1024x683.jpg\" \/>\n\t<meta property=\"og:image:width\" content=\"1024\" \/>\n\t<meta property=\"og:image:height\" content=\"683\" \/>\n\t<meta property=\"og:image:type\" content=\"image\/jpeg\" \/>\n<meta name=\"twitter:card\" content=\"summary_large_image\" \/>\n<meta name=\"twitter:site\" content=\"@InstaProInt\" \/>\n<script type=\"application\/ld+json\" class=\"yoast-schema-graph\">{\"@context\":\"https:\\\/\\\/schema.org\",\"@graph\":[{\"@type\":\"WebPage\",\"@id\":\"https:\\\/\\\/instapro.spinuhost.com\\\/fr\\\/contact\\\/\",\"url\":\"https:\\\/\\\/instapro.spinuhost.com\\\/fr\\\/contact\\\/\",\"name\":\"Technologies et \u00e9quipements de transformation - Insta-Pro International\",\"isPartOf\":{\"@id\":\"https:\\\/\\\/insta-pro.spinudev.com\\\/en\\\/#website\"},\"primaryImageOfPage\":{\"@id\":\"https:\\\/\\\/instapro.spinuhost.com\\\/fr\\\/contact\\\/#primaryimage\"},\"image\":{\"@id\":\"https:\\\/\\\/instapro.spinuhost.com\\\/fr\\\/contact\\\/#primaryimage\"},\"thumbnailUrl\":\"https:\\\/\\\/instapro.spinuhost.com\\\/wp-content\\\/uploads\\\/2023\\\/10\\\/2-InstaProTeamPhoto2023byRitaClark-e1722975512461.jpg\",\"datePublished\":\"2015-09-24T20:16:00+00:00\",\"dateModified\":\"2026-03-20T15:42:42+00:00\",\"description\":\"Contactez-nous pour en savoir plus sur les produits et services que nous proposons. Notre grande exp\u00e9rience et nos nombreux brevets nous permettront de vous aider quant \u00e0 vos besoins en \u00e9quipements.\",\"breadcrumb\":{\"@id\":\"https:\\\/\\\/instapro.spinuhost.com\\\/fr\\\/contact\\\/#breadcrumb\"},\"inLanguage\":\"fr-FR\",\"potentialAction\":[{\"@type\":\"ReadAction\",\"target\":[\"https:\\\/\\\/instapro.spinuhost.com\\\/fr\\\/contact\\\/\"]}]},{\"@type\":\"ImageObject\",\"inLanguage\":\"fr-FR\",\"@id\":\"https:\\\/\\\/instapro.spinuhost.com\\\/fr\\\/contact\\\/#primaryimage\",\"url\":\"https:\\\/\\\/instapro.spinuhost.com\\\/wp-content\\\/uploads\\\/2023\\\/10\\\/2-InstaProTeamPhoto2023byRitaClark-e1722975512461.jpg\",\"contentUrl\":\"https:\\\/\\\/instapro.spinuhost.com\\\/wp-content\\\/uploads\\\/2023\\\/10\\\/2-InstaProTeamPhoto2023byRitaClark-e1722975512461.jpg\",\"width\":7932,\"height\":5291},{\"@type\":\"BreadcrumbList\",\"@id\":\"https:\\\/\\\/instapro.spinuhost.com\\\/fr\\\/contact\\\/#breadcrumb\",\"itemListElement\":[{\"@type\":\"ListItem\",\"position\":1,\"name\":\"Home\",\"item\":\"https:\\\/\\\/insta-pro.com\\\/fr\\\/\"},{\"@type\":\"ListItem\",\"position\":2,\"name\":\"Contact\"}]},{\"@type\":\"WebSite\",\"@id\":\"https:\\\/\\\/insta-pro.spinudev.com\\\/en\\\/#website\",\"url\":\"https:\\\/\\\/insta-pro.spinudev.com\\\/en\\\/\",\"name\":\"Insta-Pro\",\"description\":\"Extrusion Equipment Manufacturer\",\"publisher\":{\"@id\":\"https:\\\/\\\/insta-pro.spinudev.com\\\/en\\\/#organization\"},\"potentialAction\":[{\"@type\":\"SearchAction\",\"target\":{\"@type\":\"EntryPoint\",\"urlTemplate\":\"https:\\\/\\\/insta-pro.spinudev.com\\\/en\\\/?s={search_term_string}\"},\"query-input\":{\"@type\":\"PropertyValueSpecification\",\"valueRequired\":true,\"valueName\":\"search_term_string\"}}],\"inLanguage\":\"fr-FR\"},{\"@type\":\"Organization\",\"@id\":\"https:\\\/\\\/insta-pro.spinudev.com\\\/en\\\/#organization\",\"name\":\"Insta-Pro International\",\"alternateName\":\"Insta-Pro Intl.\",\"url\":\"https:\\\/\\\/insta-pro.spinudev.com\\\/en\\\/\",\"logo\":{\"@type\":\"ImageObject\",\"inLanguage\":\"fr-FR\",\"@id\":\"https:\\\/\\\/insta-pro.spinudev.com\\\/en\\\/#\\\/schema\\\/logo\\\/image\\\/\",\"url\":\"https:\\\/\\\/insta-pro.com\\\/wp-content\\\/uploads\\\/2026\\\/04\\\/512x512.jpg\",\"contentUrl\":\"https:\\\/\\\/insta-pro.com\\\/wp-content\\\/uploads\\\/2026\\\/04\\\/512x512.jpg\",\"width\":512,\"height\":512,\"caption\":\"Insta-Pro International\"},\"image\":{\"@id\":\"https:\\\/\\\/insta-pro.spinudev.com\\\/en\\\/#\\\/schema\\\/logo\\\/image\\\/\"},\"sameAs\":[\"https:\\\/\\\/www.facebook.com\\\/instaprointernational\\\/\",\"https:\\\/\\\/x.com\\\/InstaProInt\",\"https:\\\/\\\/www.linkedin.com\\\/company\\\/insta-pro-international\\\/\",\"https:\\\/\\\/www.youtube.com\\\/@insta-prointernational5033\"],\"email\":\"marketing@insta-pro.com\",\"telephone\":\"+1-515-254-1260\",\"legalName\":\"Insta-Pro International\",\"numberOfEmployees\":{\"@type\":\"QuantitativeValue\",\"minValue\":\"11\",\"maxValue\":\"50\"}}]}<\/script>\n<!-- \/ Yoast SEO Premium plugin. -->","yoast_head_json":{"title":"Technologies et \u00e9quipements de transformation - Insta-Pro International","description":"Contactez-nous pour en savoir plus sur les produits et services que nous proposons. Notre grande exp\u00e9rience et nos nombreux brevets nous permettront de vous aider quant \u00e0 vos besoins en \u00e9quipements.","robots":{"index":"index","follow":"follow","max-snippet":"max-snippet:-1","max-image-preview":"max-image-preview:large","max-video-preview":"max-video-preview:-1"},"canonical":"https:\/\/instapro.spinuhost.com\/fr\/contact\/","og_locale":"fr_FR","og_type":"article","og_title":"Contact","og_description":"Contactez-nous pour en savoir plus sur les produits et services que nous proposons. Notre grande exp\u00e9rience et nos nombreux brevets nous permettront de vous aider quant \u00e0 vos besoins en \u00e9quipements.","og_url":"https:\/\/instapro.spinuhost.com\/fr\/contact\/","og_site_name":"Insta-Pro","article_publisher":"https:\/\/www.facebook.com\/instaprointernational\/","article_modified_time":"2026-03-20T15:42:42+00:00","og_image":[{"width":1024,"height":683,"url":"https:\/\/insta-pro.com\/wp-content\/uploads\/2023\/10\/2-InstaProTeamPhoto2023byRitaClark-1024x683.jpg","type":"image\/jpeg"}],"twitter_card":"summary_large_image","twitter_site":"@InstaProInt","schema":{"@context":"https:\/\/schema.org","@graph":[{"@type":"WebPage","@id":"https:\/\/instapro.spinuhost.com\/fr\/contact\/","url":"https:\/\/instapro.spinuhost.com\/fr\/contact\/","name":"Technologies et \u00e9quipements de transformation - Insta-Pro International","isPartOf":{"@id":"https:\/\/insta-pro.spinudev.com\/en\/#website"},"primaryImageOfPage":{"@id":"https:\/\/instapro.spinuhost.com\/fr\/contact\/#primaryimage"},"image":{"@id":"https:\/\/instapro.spinuhost.com\/fr\/contact\/#primaryimage"},"thumbnailUrl":"https:\/\/instapro.spinuhost.com\/wp-content\/uploads\/2023\/10\/2-InstaProTeamPhoto2023byRitaClark-e1722975512461.jpg","datePublished":"2015-09-24T20:16:00+00:00","dateModified":"2026-03-20T15:42:42+00:00","description":"Contactez-nous pour en savoir plus sur les produits et services que nous proposons. Notre grande exp\u00e9rience et nos nombreux brevets nous permettront de vous aider quant \u00e0 vos besoins en \u00e9quipements.","breadcrumb":{"@id":"https:\/\/instapro.spinuhost.com\/fr\/contact\/#breadcrumb"},"inLanguage":"fr-FR","potentialAction":[{"@type":"ReadAction","target":["https:\/\/instapro.spinuhost.com\/fr\/contact\/"]}]},{"@type":"ImageObject","inLanguage":"fr-FR","@id":"https:\/\/instapro.spinuhost.com\/fr\/contact\/#primaryimage","url":"https:\/\/instapro.spinuhost.com\/wp-content\/uploads\/2023\/10\/2-InstaProTeamPhoto2023byRitaClark-e1722975512461.jpg","contentUrl":"https:\/\/instapro.spinuhost.com\/wp-content\/uploads\/2023\/10\/2-InstaProTeamPhoto2023byRitaClark-e1722975512461.jpg","width":7932,"height":5291},{"@type":"BreadcrumbList","@id":"https:\/\/instapro.spinuhost.com\/fr\/contact\/#breadcrumb","itemListElement":[{"@type":"ListItem","position":1,"name":"Home","item":"https:\/\/insta-pro.com\/fr\/"},{"@type":"ListItem","position":2,"name":"Contact"}]},{"@type":"WebSite","@id":"https:\/\/insta-pro.spinudev.com\/en\/#website","url":"https:\/\/insta-pro.spinudev.com\/en\/","name":"Insta-Pro","description":"Extrusion Equipment Manufacturer","publisher":{"@id":"https:\/\/insta-pro.spinudev.com\/en\/#organization"},"potentialAction":[{"@type":"SearchAction","target":{"@type":"EntryPoint","urlTemplate":"https:\/\/insta-pro.spinudev.com\/en\/?s={search_term_string}"},"query-input":{"@type":"PropertyValueSpecification","valueRequired":true,"valueName":"search_term_string"}}],"inLanguage":"fr-FR"},{"@type":"Organization","@id":"https:\/\/insta-pro.spinudev.com\/en\/#organization","name":"Insta-Pro International","alternateName":"Insta-Pro Intl.","url":"https:\/\/insta-pro.spinudev.com\/en\/","logo":{"@type":"ImageObject","inLanguage":"fr-FR","@id":"https:\/\/insta-pro.spinudev.com\/en\/#\/schema\/logo\/image\/","url":"https:\/\/insta-pro.com\/wp-content\/uploads\/2026\/04\/512x512.jpg","contentUrl":"https:\/\/insta-pro.com\/wp-content\/uploads\/2026\/04\/512x512.jpg","width":512,"height":512,"caption":"Insta-Pro International"},"image":{"@id":"https:\/\/insta-pro.spinudev.com\/en\/#\/schema\/logo\/image\/"},"sameAs":["https:\/\/www.facebook.com\/instaprointernational\/","https:\/\/x.com\/InstaProInt","https:\/\/www.linkedin.com\/company\/insta-pro-international\/","https:\/\/www.youtube.com\/@insta-prointernational5033"],"email":"marketing@insta-pro.com","telephone":"+1-515-254-1260","legalName":"Insta-Pro International","numberOfEmployees":{"@type":"QuantitativeValue","minValue":"11","maxValue":"50"}}]}},"_links":{"self":[{"href":"https:\/\/instapro.spinuhost.com\/fr\/wp-json\/wp\/v2\/pages\/5644","targetHints":{"allow":["GET"]}}],"collection":[{"href":"https:\/\/instapro.spinuhost.com\/fr\/wp-json\/wp\/v2\/pages"}],"about":[{"href":"https:\/\/instapro.spinuhost.com\/fr\/wp-json\/wp\/v2\/types\/page"}],"author":[{"embeddable":true,"href":"https:\/\/instapro.spinuhost.com\/fr\/wp-json\/wp\/v2\/users\/2"}],"replies":[{"embeddable":true,"href":"https:\/\/instapro.spinuhost.com\/fr\/wp-json\/wp\/v2\/comments?post=5644"}],"version-history":[{"count":3,"href":"https:\/\/instapro.spinuhost.com\/fr\/wp-json\/wp\/v2\/pages\/5644\/revisions"}],"predecessor-version":[{"id":24043,"href":"https:\/\/instapro.spinuhost.com\/fr\/wp-json\/wp\/v2\/pages\/5644\/revisions\/24043"}],"wp:featuredmedia":[{"embeddable":true,"href":"https:\/\/instapro.spinuhost.com\/fr\/wp-json\/wp\/v2\/media\/19763"}],"wp:attachment":[{"href":"https:\/\/instapro.spinuhost.com\/fr\/wp-json\/wp\/v2\/media?parent=5644"}],"curies":[{"name":"wp","href":"https:\/\/api.w.org\/{rel}","templated":true}]}}