{"id":5632,"date":"2015-11-11T11:51:04","date_gmt":"2015-11-11T17:51:04","guid":{"rendered":"https:\/\/www.insta-pro.com\/fr\/prochains-evenements\/"},"modified":"2016-02-23T14:46:17","modified_gmt":"2016-02-23T20:46:17","slug":"prochains-evenements","status":"publish","type":"page","link":"https:\/\/instapro.spinuhost.com\/fr\/prochains-evenements\/","title":{"rendered":"Prochains \u00e9v\u00e9nements"},"content":{"rendered":"","protected":false},"excerpt":{"rendered":"","protected":false},"author":2,"featured_media":0,"parent":0,"menu_order":0,"comment_status":"closed","ping_status":"closed","template":"template-calendar.php","meta":{"_acf_changed":false,"footnotes":""},"class_list":["post-5632","page","type-page","status-publish","hentry"],"acf":[],"yoast_head":"<!-- This site is optimized with the Yoast SEO Premium plugin v26.2 (Yoast SEO v27.3) - https:\/\/yoast.com\/product\/yoast-seo-premium-wordpress\/ -->\n<title>S\u00e9minaires et salons sur les \u00e9quipements et produits, et davantage<\/title>\n<meta name=\"description\" content=\"Jetez un \u0153il aux prochains \u00e9v\u00e9nements pour trouver nos s\u00e9minaires et ateliers, les salons o\u00f9 nous serons pr\u00e9sents, et d\u00e9couvrez-en davantage sur les produits, les \u00e9quipements et les services propos\u00e9s par Insta-Pro International.\" \/>\n<meta name=\"robots\" content=\"index, follow, max-snippet:-1, max-image-preview:large, max-video-preview:-1\" \/>\n<link rel=\"canonical\" href=\"https:\/\/instapro.spinuhost.com\/fr\/prochains-evenements\/\" \/>\n<meta property=\"og:locale\" content=\"fr_FR\" \/>\n<meta property=\"og:type\" content=\"article\" \/>\n<meta property=\"og:title\" content=\"Prochains \u00e9v\u00e9nements\" \/>\n<meta property=\"og:description\" content=\"Jetez un \u0153il aux prochains \u00e9v\u00e9nements pour trouver nos s\u00e9minaires et ateliers, les salons o\u00f9 nous serons pr\u00e9sents, et d\u00e9couvrez-en davantage sur les produits, les \u00e9quipements et les services propos\u00e9s par Insta-Pro International.\" \/>\n<meta property=\"og:url\" content=\"https:\/\/instapro.spinuhost.com\/fr\/prochains-evenements\/\" \/>\n<meta property=\"og:site_name\" content=\"Insta-Pro\" \/>\n<meta property=\"article:publisher\" content=\"https:\/\/www.facebook.com\/instaprointernational\/\" \/>\n<meta property=\"article:modified_time\" content=\"2016-02-23T20:46:17+00:00\" \/>\n<meta name=\"twitter:card\" content=\"summary_large_image\" \/>\n<meta name=\"twitter:site\" content=\"@InstaProInt\" \/>\n<script type=\"application\/ld+json\" class=\"yoast-schema-graph\">{\"@context\":\"https:\\\/\\\/schema.org\",\"@graph\":[{\"@type\":\"WebPage\",\"@id\":\"https:\\\/\\\/instapro.spinuhost.com\\\/fr\\\/prochains-evenements\\\/\",\"url\":\"https:\\\/\\\/instapro.spinuhost.com\\\/fr\\\/prochains-evenements\\\/\",\"name\":\"S\u00e9minaires et salons sur les \u00e9quipements et produits, et davantage\",\"isPartOf\":{\"@id\":\"https:\\\/\\\/insta-pro.spinudev.com\\\/en\\\/#website\"},\"datePublished\":\"2015-11-11T17:51:04+00:00\",\"dateModified\":\"2016-02-23T20:46:17+00:00\",\"description\":\"Jetez un \u0153il aux prochains \u00e9v\u00e9nements pour trouver nos s\u00e9minaires et ateliers, les salons o\u00f9 nous serons pr\u00e9sents, et d\u00e9couvrez-en davantage sur les produits, les \u00e9quipements et les services propos\u00e9s par Insta-Pro International.\",\"breadcrumb\":{\"@id\":\"https:\\\/\\\/instapro.spinuhost.com\\\/fr\\\/prochains-evenements\\\/#breadcrumb\"},\"inLanguage\":\"fr-FR\",\"potentialAction\":[{\"@type\":\"ReadAction\",\"target\":[\"https:\\\/\\\/instapro.spinuhost.com\\\/fr\\\/prochains-evenements\\\/\"]}]},{\"@type\":\"BreadcrumbList\",\"@id\":\"https:\\\/\\\/instapro.spinuhost.com\\\/fr\\\/prochains-evenements\\\/#breadcrumb\",\"itemListElement\":[{\"@type\":\"ListItem\",\"position\":1,\"name\":\"Home\",\"item\":\"https:\\\/\\\/insta-pro.com\\\/fr\\\/\"},{\"@type\":\"ListItem\",\"position\":2,\"name\":\"Prochains \u00e9v\u00e9nements\"}]},{\"@type\":\"WebSite\",\"@id\":\"https:\\\/\\\/insta-pro.spinudev.com\\\/en\\\/#website\",\"url\":\"https:\\\/\\\/insta-pro.spinudev.com\\\/en\\\/\",\"name\":\"Insta-Pro\",\"description\":\"Extrusion Equipment Manufacturer\",\"publisher\":{\"@id\":\"https:\\\/\\\/insta-pro.spinudev.com\\\/en\\\/#organization\"},\"potentialAction\":[{\"@type\":\"SearchAction\",\"target\":{\"@type\":\"EntryPoint\",\"urlTemplate\":\"https:\\\/\\\/insta-pro.spinudev.com\\\/en\\\/?s={search_term_string}\"},\"query-input\":{\"@type\":\"PropertyValueSpecification\",\"valueRequired\":true,\"valueName\":\"search_term_string\"}}],\"inLanguage\":\"fr-FR\"},{\"@type\":\"Organization\",\"@id\":\"https:\\\/\\\/insta-pro.spinudev.com\\\/en\\\/#organization\",\"name\":\"Insta-Pro International\",\"alternateName\":\"Insta-Pro Intl.\",\"url\":\"https:\\\/\\\/insta-pro.spinudev.com\\\/en\\\/\",\"logo\":{\"@type\":\"ImageObject\",\"inLanguage\":\"fr-FR\",\"@id\":\"https:\\\/\\\/insta-pro.spinudev.com\\\/en\\\/#\\\/schema\\\/logo\\\/image\\\/\",\"url\":\"https:\\\/\\\/insta-pro.com\\\/wp-content\\\/uploads\\\/2026\\\/04\\\/512x512.jpg\",\"contentUrl\":\"https:\\\/\\\/insta-pro.com\\\/wp-content\\\/uploads\\\/2026\\\/04\\\/512x512.jpg\",\"width\":512,\"height\":512,\"caption\":\"Insta-Pro International\"},\"image\":{\"@id\":\"https:\\\/\\\/insta-pro.spinudev.com\\\/en\\\/#\\\/schema\\\/logo\\\/image\\\/\"},\"sameAs\":[\"https:\\\/\\\/www.facebook.com\\\/instaprointernational\\\/\",\"https:\\\/\\\/x.com\\\/InstaProInt\",\"https:\\\/\\\/www.linkedin.com\\\/company\\\/insta-pro-international\\\/\",\"https:\\\/\\\/www.youtube.com\\\/@insta-prointernational5033\"],\"email\":\"marketing@insta-pro.com\",\"telephone\":\"+1-515-254-1260\",\"legalName\":\"Insta-Pro International\",\"numberOfEmployees\":{\"@type\":\"QuantitativeValue\",\"minValue\":\"11\",\"maxValue\":\"50\"}}]}<\/script>\n<!-- \/ Yoast SEO Premium plugin. -->","yoast_head_json":{"title":"S\u00e9minaires et salons sur les \u00e9quipements et produits, et davantage","description":"Jetez un \u0153il aux prochains \u00e9v\u00e9nements pour trouver nos s\u00e9minaires et ateliers, les salons o\u00f9 nous serons pr\u00e9sents, et d\u00e9couvrez-en davantage sur les produits, les \u00e9quipements et les services propos\u00e9s par Insta-Pro International.","robots":{"index":"index","follow":"follow","max-snippet":"max-snippet:-1","max-image-preview":"max-image-preview:large","max-video-preview":"max-video-preview:-1"},"canonical":"https:\/\/instapro.spinuhost.com\/fr\/prochains-evenements\/","og_locale":"fr_FR","og_type":"article","og_title":"Prochains \u00e9v\u00e9nements","og_description":"Jetez un \u0153il aux prochains \u00e9v\u00e9nements pour trouver nos s\u00e9minaires et ateliers, les salons o\u00f9 nous serons pr\u00e9sents, et d\u00e9couvrez-en davantage sur les produits, les \u00e9quipements et les services propos\u00e9s par Insta-Pro International.","og_url":"https:\/\/instapro.spinuhost.com\/fr\/prochains-evenements\/","og_site_name":"Insta-Pro","article_publisher":"https:\/\/www.facebook.com\/instaprointernational\/","article_modified_time":"2016-02-23T20:46:17+00:00","twitter_card":"summary_large_image","twitter_site":"@InstaProInt","schema":{"@context":"https:\/\/schema.org","@graph":[{"@type":"WebPage","@id":"https:\/\/instapro.spinuhost.com\/fr\/prochains-evenements\/","url":"https:\/\/instapro.spinuhost.com\/fr\/prochains-evenements\/","name":"S\u00e9minaires et salons sur les \u00e9quipements et produits, et davantage","isPartOf":{"@id":"https:\/\/insta-pro.spinudev.com\/en\/#website"},"datePublished":"2015-11-11T17:51:04+00:00","dateModified":"2016-02-23T20:46:17+00:00","description":"Jetez un \u0153il aux prochains \u00e9v\u00e9nements pour trouver nos s\u00e9minaires et ateliers, les salons o\u00f9 nous serons pr\u00e9sents, et d\u00e9couvrez-en davantage sur les produits, les \u00e9quipements et les services propos\u00e9s par Insta-Pro International.","breadcrumb":{"@id":"https:\/\/instapro.spinuhost.com\/fr\/prochains-evenements\/#breadcrumb"},"inLanguage":"fr-FR","potentialAction":[{"@type":"ReadAction","target":["https:\/\/instapro.spinuhost.com\/fr\/prochains-evenements\/"]}]},{"@type":"BreadcrumbList","@id":"https:\/\/instapro.spinuhost.com\/fr\/prochains-evenements\/#breadcrumb","itemListElement":[{"@type":"ListItem","position":1,"name":"Home","item":"https:\/\/insta-pro.com\/fr\/"},{"@type":"ListItem","position":2,"name":"Prochains \u00e9v\u00e9nements"}]},{"@type":"WebSite","@id":"https:\/\/insta-pro.spinudev.com\/en\/#website","url":"https:\/\/insta-pro.spinudev.com\/en\/","name":"Insta-Pro","description":"Extrusion Equipment Manufacturer","publisher":{"@id":"https:\/\/insta-pro.spinudev.com\/en\/#organization"},"potentialAction":[{"@type":"SearchAction","target":{"@type":"EntryPoint","urlTemplate":"https:\/\/insta-pro.spinudev.com\/en\/?s={search_term_string}"},"query-input":{"@type":"PropertyValueSpecification","valueRequired":true,"valueName":"search_term_string"}}],"inLanguage":"fr-FR"},{"@type":"Organization","@id":"https:\/\/insta-pro.spinudev.com\/en\/#organization","name":"Insta-Pro International","alternateName":"Insta-Pro Intl.","url":"https:\/\/insta-pro.spinudev.com\/en\/","logo":{"@type":"ImageObject","inLanguage":"fr-FR","@id":"https:\/\/insta-pro.spinudev.com\/en\/#\/schema\/logo\/image\/","url":"https:\/\/insta-pro.com\/wp-content\/uploads\/2026\/04\/512x512.jpg","contentUrl":"https:\/\/insta-pro.com\/wp-content\/uploads\/2026\/04\/512x512.jpg","width":512,"height":512,"caption":"Insta-Pro International"},"image":{"@id":"https:\/\/insta-pro.spinudev.com\/en\/#\/schema\/logo\/image\/"},"sameAs":["https:\/\/www.facebook.com\/instaprointernational\/","https:\/\/x.com\/InstaProInt","https:\/\/www.linkedin.com\/company\/insta-pro-international\/","https:\/\/www.youtube.com\/@insta-prointernational5033"],"email":"marketing@insta-pro.com","telephone":"+1-515-254-1260","legalName":"Insta-Pro International","numberOfEmployees":{"@type":"QuantitativeValue","minValue":"11","maxValue":"50"}}]}},"_links":{"self":[{"href":"https:\/\/instapro.spinuhost.com\/fr\/wp-json\/wp\/v2\/pages\/5632","targetHints":{"allow":["GET"]}}],"collection":[{"href":"https:\/\/instapro.spinuhost.com\/fr\/wp-json\/wp\/v2\/pages"}],"about":[{"href":"https:\/\/instapro.spinuhost.com\/fr\/wp-json\/wp\/v2\/types\/page"}],"author":[{"embeddable":true,"href":"https:\/\/instapro.spinuhost.com\/fr\/wp-json\/wp\/v2\/users\/2"}],"replies":[{"embeddable":true,"href":"https:\/\/instapro.spinuhost.com\/fr\/wp-json\/wp\/v2\/comments?post=5632"}],"version-history":[{"count":0,"href":"https:\/\/instapro.spinuhost.com\/fr\/wp-json\/wp\/v2\/pages\/5632\/revisions"}],"wp:attachment":[{"href":"https:\/\/instapro.spinuhost.com\/fr\/wp-json\/wp\/v2\/media?parent=5632"}],"curies":[{"name":"wp","href":"https:\/\/api.w.org\/{rel}","templated":true}]}}