{"id":23156,"date":"2025-08-29T13:54:51","date_gmt":"2025-08-29T18:54:51","guid":{"rendered":"https:\/\/www.insta-pro.com\/procesamiento-de-soya-y-semillas-oleaginosas\/"},"modified":"2025-09-10T11:34:33","modified_gmt":"2025-09-10T16:34:33","slug":"traitement-du-soja-et-des-graines-oleagineuses","status":"publish","type":"page","link":"https:\/\/instapro.spinuhost.com\/fr\/traitement-du-soja-et-des-graines-oleagineuses\/","title":{"rendered":"Traitement du soja et des graines ol\u00e9agineuses"},"content":{"rendered":"<ul>\n<li><u><a href=\"https:\/\/www.insta-pro.com\/fr\/blog\/ingenierie-et-procede-dextrusion\/traitement-des-graines-de-coton-par-extrusion-a-sec-a-haut-cisaillement\/\">Farine et huile de graines de coton<\/a><\/u><\/li>\n<li><u><a href=\"https:\/\/www.insta-pro.com\/fr\/blog\/nutrition-et-technologies\/optimisation-du-traitement-du-tournesol\/\">Farine et huile de tournesol<\/a><\/u><\/li>\n<li><u><a href=\"https:\/\/www.insta-pro.com\/fr\/blog\/nutrition-et-technologies\/extrusion-a-sec-a-haut-cisaillement-pour-le-colza-le-lin-et-dautres-graines-oleagineuses\/\">Farine et huile de colza<\/a><\/u><\/li>\n<\/ul>\n","protected":false},"excerpt":{"rendered":"<p>Farine et huile de graines de coton Farine et huile de tournesol Farine et huile de colza<\/p>\n","protected":false},"author":54,"featured_media":15672,"parent":0,"menu_order":0,"comment_status":"closed","ping_status":"closed","template":"","meta":{"_acf_changed":false,"footnotes":""},"class_list":["post-23156","page","type-page","status-publish","has-post-thumbnail","hentry"],"acf":[],"yoast_head":"<!-- This site is optimized with the Yoast SEO Premium plugin v26.2 (Yoast SEO v27.3) - https:\/\/yoast.com\/product\/yoast-seo-premium-wordpress\/ -->\n<title>Traitement du soja et des graines ol\u00e9agineuses - Insta-Pro<\/title>\n<meta name=\"description\" content=\"Les \u00e9quipements de traitement du soja et des graines ol\u00e9agineuses Insta-Pro permettent de produire des ingr\u00e9dients alimentaires nutritifs tels que le tourteau et l&#039;huile de soja, la farine de soja, le tourteau de colza et bien d&#039;autres.\" \/>\n<meta name=\"robots\" content=\"index, follow, max-snippet:-1, max-image-preview:large, max-video-preview:-1\" \/>\n<link rel=\"canonical\" href=\"https:\/\/instapro.spinuhost.com\/fr\/traitement-du-soja-et-des-graines-oleagineuses\/\" \/>\n<meta property=\"og:locale\" content=\"fr_FR\" \/>\n<meta property=\"og:type\" content=\"article\" \/>\n<meta property=\"og:title\" content=\"Traitement du soja et des graines ol\u00e9agineuses\" \/>\n<meta property=\"og:description\" content=\"Les \u00e9quipements de traitement du soja et des graines ol\u00e9agineuses Insta-Pro permettent de produire des ingr\u00e9dients alimentaires nutritifs tels que le tourteau et l&#039;huile de soja, la farine de soja, le tourteau de colza et bien d&#039;autres.\" \/>\n<meta property=\"og:url\" content=\"https:\/\/instapro.spinuhost.com\/fr\/traitement-du-soja-et-des-graines-oleagineuses\/\" \/>\n<meta property=\"og:site_name\" content=\"Insta-Pro\" \/>\n<meta property=\"article:publisher\" content=\"https:\/\/www.facebook.com\/instaprointernational\/\" \/>\n<meta property=\"article:modified_time\" content=\"2025-09-10T16:34:33+00:00\" \/>\n<meta property=\"og:image\" content=\"https:\/\/www.insta-pro.com\/wp-content\/uploads\/2022\/01\/soybeans.jpg\" \/>\n\t<meta property=\"og:image:width\" content=\"2000\" \/>\n\t<meta property=\"og:image:height\" content=\"1333\" \/>\n\t<meta property=\"og:image:type\" content=\"image\/jpeg\" \/>\n<meta name=\"twitter:card\" content=\"summary_large_image\" \/>\n<meta name=\"twitter:site\" content=\"@InstaProInt\" \/>\n<script type=\"application\/ld+json\" class=\"yoast-schema-graph\">{\"@context\":\"https:\\\/\\\/schema.org\",\"@graph\":[{\"@type\":\"WebPage\",\"@id\":\"https:\\\/\\\/instapro.spinuhost.com\\\/fr\\\/traitement-du-soja-et-des-graines-oleagineuses\\\/\",\"url\":\"https:\\\/\\\/instapro.spinuhost.com\\\/fr\\\/traitement-du-soja-et-des-graines-oleagineuses\\\/\",\"name\":\"Traitement du soja et des graines ol\u00e9agineuses - Insta-Pro\",\"isPartOf\":{\"@id\":\"https:\\\/\\\/insta-pro.spinudev.com\\\/en\\\/#website\"},\"primaryImageOfPage\":{\"@id\":\"https:\\\/\\\/instapro.spinuhost.com\\\/fr\\\/traitement-du-soja-et-des-graines-oleagineuses\\\/#primaryimage\"},\"image\":{\"@id\":\"https:\\\/\\\/instapro.spinuhost.com\\\/fr\\\/traitement-du-soja-et-des-graines-oleagineuses\\\/#primaryimage\"},\"thumbnailUrl\":\"https:\\\/\\\/instapro.spinuhost.com\\\/wp-content\\\/uploads\\\/2022\\\/01\\\/soybeans.jpg\",\"datePublished\":\"2025-08-29T18:54:51+00:00\",\"dateModified\":\"2025-09-10T16:34:33+00:00\",\"description\":\"Les \u00e9quipements de traitement du soja et des graines ol\u00e9agineuses Insta-Pro permettent de produire des ingr\u00e9dients alimentaires nutritifs tels que le tourteau et l'huile de soja, la farine de soja, le tourteau de colza et bien d'autres.\",\"breadcrumb\":{\"@id\":\"https:\\\/\\\/instapro.spinuhost.com\\\/fr\\\/traitement-du-soja-et-des-graines-oleagineuses\\\/#breadcrumb\"},\"inLanguage\":\"fr-FR\",\"potentialAction\":[{\"@type\":\"ReadAction\",\"target\":[\"https:\\\/\\\/instapro.spinuhost.com\\\/fr\\\/traitement-du-soja-et-des-graines-oleagineuses\\\/\"]}]},{\"@type\":\"ImageObject\",\"inLanguage\":\"fr-FR\",\"@id\":\"https:\\\/\\\/instapro.spinuhost.com\\\/fr\\\/traitement-du-soja-et-des-graines-oleagineuses\\\/#primaryimage\",\"url\":\"https:\\\/\\\/instapro.spinuhost.com\\\/wp-content\\\/uploads\\\/2022\\\/01\\\/soybeans.jpg\",\"contentUrl\":\"https:\\\/\\\/instapro.spinuhost.com\\\/wp-content\\\/uploads\\\/2022\\\/01\\\/soybeans.jpg\",\"width\":2000,\"height\":1333,\"caption\":\"layer diet profitability\"},{\"@type\":\"BreadcrumbList\",\"@id\":\"https:\\\/\\\/instapro.spinuhost.com\\\/fr\\\/traitement-du-soja-et-des-graines-oleagineuses\\\/#breadcrumb\",\"itemListElement\":[{\"@type\":\"ListItem\",\"position\":1,\"name\":\"Home\",\"item\":\"https:\\\/\\\/insta-pro.com\\\/fr\\\/\"},{\"@type\":\"ListItem\",\"position\":2,\"name\":\"Traitement du soja et des graines ol\u00e9agineuses\"}]},{\"@type\":\"WebSite\",\"@id\":\"https:\\\/\\\/insta-pro.spinudev.com\\\/en\\\/#website\",\"url\":\"https:\\\/\\\/insta-pro.spinudev.com\\\/en\\\/\",\"name\":\"Insta-Pro\",\"description\":\"Extrusion Equipment Manufacturer\",\"publisher\":{\"@id\":\"https:\\\/\\\/insta-pro.spinudev.com\\\/en\\\/#organization\"},\"potentialAction\":[{\"@type\":\"SearchAction\",\"target\":{\"@type\":\"EntryPoint\",\"urlTemplate\":\"https:\\\/\\\/insta-pro.spinudev.com\\\/en\\\/?s={search_term_string}\"},\"query-input\":{\"@type\":\"PropertyValueSpecification\",\"valueRequired\":true,\"valueName\":\"search_term_string\"}}],\"inLanguage\":\"fr-FR\"},{\"@type\":\"Organization\",\"@id\":\"https:\\\/\\\/insta-pro.spinudev.com\\\/en\\\/#organization\",\"name\":\"Insta-Pro International\",\"alternateName\":\"Insta-Pro Intl.\",\"url\":\"https:\\\/\\\/insta-pro.spinudev.com\\\/en\\\/\",\"logo\":{\"@type\":\"ImageObject\",\"inLanguage\":\"fr-FR\",\"@id\":\"https:\\\/\\\/insta-pro.spinudev.com\\\/en\\\/#\\\/schema\\\/logo\\\/image\\\/\",\"url\":\"https:\\\/\\\/insta-pro.com\\\/wp-content\\\/uploads\\\/2026\\\/04\\\/512x512.jpg\",\"contentUrl\":\"https:\\\/\\\/insta-pro.com\\\/wp-content\\\/uploads\\\/2026\\\/04\\\/512x512.jpg\",\"width\":512,\"height\":512,\"caption\":\"Insta-Pro International\"},\"image\":{\"@id\":\"https:\\\/\\\/insta-pro.spinudev.com\\\/en\\\/#\\\/schema\\\/logo\\\/image\\\/\"},\"sameAs\":[\"https:\\\/\\\/www.facebook.com\\\/instaprointernational\\\/\",\"https:\\\/\\\/x.com\\\/InstaProInt\",\"https:\\\/\\\/www.linkedin.com\\\/company\\\/insta-pro-international\\\/\",\"https:\\\/\\\/www.youtube.com\\\/@insta-prointernational5033\"],\"email\":\"marketing@insta-pro.com\",\"telephone\":\"+1-515-254-1260\",\"legalName\":\"Insta-Pro International\",\"numberOfEmployees\":{\"@type\":\"QuantitativeValue\",\"minValue\":\"11\",\"maxValue\":\"50\"}}]}<\/script>\n<!-- \/ Yoast SEO Premium plugin. -->","yoast_head_json":{"title":"Traitement du soja et des graines ol\u00e9agineuses - Insta-Pro","description":"Les \u00e9quipements de traitement du soja et des graines ol\u00e9agineuses Insta-Pro permettent de produire des ingr\u00e9dients alimentaires nutritifs tels que le tourteau et l'huile de soja, la farine de soja, le tourteau de colza et bien d'autres.","robots":{"index":"index","follow":"follow","max-snippet":"max-snippet:-1","max-image-preview":"max-image-preview:large","max-video-preview":"max-video-preview:-1"},"canonical":"https:\/\/instapro.spinuhost.com\/fr\/traitement-du-soja-et-des-graines-oleagineuses\/","og_locale":"fr_FR","og_type":"article","og_title":"Traitement du soja et des graines ol\u00e9agineuses","og_description":"Les \u00e9quipements de traitement du soja et des graines ol\u00e9agineuses Insta-Pro permettent de produire des ingr\u00e9dients alimentaires nutritifs tels que le tourteau et l'huile de soja, la farine de soja, le tourteau de colza et bien d'autres.","og_url":"https:\/\/instapro.spinuhost.com\/fr\/traitement-du-soja-et-des-graines-oleagineuses\/","og_site_name":"Insta-Pro","article_publisher":"https:\/\/www.facebook.com\/instaprointernational\/","article_modified_time":"2025-09-10T16:34:33+00:00","og_image":[{"width":2000,"height":1333,"url":"https:\/\/www.insta-pro.com\/wp-content\/uploads\/2022\/01\/soybeans.jpg","type":"image\/jpeg"}],"twitter_card":"summary_large_image","twitter_site":"@InstaProInt","schema":{"@context":"https:\/\/schema.org","@graph":[{"@type":"WebPage","@id":"https:\/\/instapro.spinuhost.com\/fr\/traitement-du-soja-et-des-graines-oleagineuses\/","url":"https:\/\/instapro.spinuhost.com\/fr\/traitement-du-soja-et-des-graines-oleagineuses\/","name":"Traitement du soja et des graines ol\u00e9agineuses - Insta-Pro","isPartOf":{"@id":"https:\/\/insta-pro.spinudev.com\/en\/#website"},"primaryImageOfPage":{"@id":"https:\/\/instapro.spinuhost.com\/fr\/traitement-du-soja-et-des-graines-oleagineuses\/#primaryimage"},"image":{"@id":"https:\/\/instapro.spinuhost.com\/fr\/traitement-du-soja-et-des-graines-oleagineuses\/#primaryimage"},"thumbnailUrl":"https:\/\/instapro.spinuhost.com\/wp-content\/uploads\/2022\/01\/soybeans.jpg","datePublished":"2025-08-29T18:54:51+00:00","dateModified":"2025-09-10T16:34:33+00:00","description":"Les \u00e9quipements de traitement du soja et des graines ol\u00e9agineuses Insta-Pro permettent de produire des ingr\u00e9dients alimentaires nutritifs tels que le tourteau et l'huile de soja, la farine de soja, le tourteau de colza et bien d'autres.","breadcrumb":{"@id":"https:\/\/instapro.spinuhost.com\/fr\/traitement-du-soja-et-des-graines-oleagineuses\/#breadcrumb"},"inLanguage":"fr-FR","potentialAction":[{"@type":"ReadAction","target":["https:\/\/instapro.spinuhost.com\/fr\/traitement-du-soja-et-des-graines-oleagineuses\/"]}]},{"@type":"ImageObject","inLanguage":"fr-FR","@id":"https:\/\/instapro.spinuhost.com\/fr\/traitement-du-soja-et-des-graines-oleagineuses\/#primaryimage","url":"https:\/\/instapro.spinuhost.com\/wp-content\/uploads\/2022\/01\/soybeans.jpg","contentUrl":"https:\/\/instapro.spinuhost.com\/wp-content\/uploads\/2022\/01\/soybeans.jpg","width":2000,"height":1333,"caption":"layer diet profitability"},{"@type":"BreadcrumbList","@id":"https:\/\/instapro.spinuhost.com\/fr\/traitement-du-soja-et-des-graines-oleagineuses\/#breadcrumb","itemListElement":[{"@type":"ListItem","position":1,"name":"Home","item":"https:\/\/insta-pro.com\/fr\/"},{"@type":"ListItem","position":2,"name":"Traitement du soja et des graines ol\u00e9agineuses"}]},{"@type":"WebSite","@id":"https:\/\/insta-pro.spinudev.com\/en\/#website","url":"https:\/\/insta-pro.spinudev.com\/en\/","name":"Insta-Pro","description":"Extrusion Equipment Manufacturer","publisher":{"@id":"https:\/\/insta-pro.spinudev.com\/en\/#organization"},"potentialAction":[{"@type":"SearchAction","target":{"@type":"EntryPoint","urlTemplate":"https:\/\/insta-pro.spinudev.com\/en\/?s={search_term_string}"},"query-input":{"@type":"PropertyValueSpecification","valueRequired":true,"valueName":"search_term_string"}}],"inLanguage":"fr-FR"},{"@type":"Organization","@id":"https:\/\/insta-pro.spinudev.com\/en\/#organization","name":"Insta-Pro International","alternateName":"Insta-Pro Intl.","url":"https:\/\/insta-pro.spinudev.com\/en\/","logo":{"@type":"ImageObject","inLanguage":"fr-FR","@id":"https:\/\/insta-pro.spinudev.com\/en\/#\/schema\/logo\/image\/","url":"https:\/\/insta-pro.com\/wp-content\/uploads\/2026\/04\/512x512.jpg","contentUrl":"https:\/\/insta-pro.com\/wp-content\/uploads\/2026\/04\/512x512.jpg","width":512,"height":512,"caption":"Insta-Pro International"},"image":{"@id":"https:\/\/insta-pro.spinudev.com\/en\/#\/schema\/logo\/image\/"},"sameAs":["https:\/\/www.facebook.com\/instaprointernational\/","https:\/\/x.com\/InstaProInt","https:\/\/www.linkedin.com\/company\/insta-pro-international\/","https:\/\/www.youtube.com\/@insta-prointernational5033"],"email":"marketing@insta-pro.com","telephone":"+1-515-254-1260","legalName":"Insta-Pro International","numberOfEmployees":{"@type":"QuantitativeValue","minValue":"11","maxValue":"50"}}]}},"_links":{"self":[{"href":"https:\/\/instapro.spinuhost.com\/fr\/wp-json\/wp\/v2\/pages\/23156","targetHints":{"allow":["GET"]}}],"collection":[{"href":"https:\/\/instapro.spinuhost.com\/fr\/wp-json\/wp\/v2\/pages"}],"about":[{"href":"https:\/\/instapro.spinuhost.com\/fr\/wp-json\/wp\/v2\/types\/page"}],"author":[{"embeddable":true,"href":"https:\/\/instapro.spinuhost.com\/fr\/wp-json\/wp\/v2\/users\/54"}],"replies":[{"embeddable":true,"href":"https:\/\/instapro.spinuhost.com\/fr\/wp-json\/wp\/v2\/comments?post=23156"}],"version-history":[{"count":10,"href":"https:\/\/instapro.spinuhost.com\/fr\/wp-json\/wp\/v2\/pages\/23156\/revisions"}],"predecessor-version":[{"id":23192,"href":"https:\/\/instapro.spinuhost.com\/fr\/wp-json\/wp\/v2\/pages\/23156\/revisions\/23192"}],"wp:featuredmedia":[{"embeddable":true,"href":"https:\/\/instapro.spinuhost.com\/fr\/wp-json\/wp\/v2\/media\/15672"}],"wp:attachment":[{"href":"https:\/\/instapro.spinuhost.com\/fr\/wp-json\/wp\/v2\/media?parent=23156"}],"curies":[{"name":"wp","href":"https:\/\/api.w.org\/{rel}","templated":true}]}}