{"id":23131,"date":"2025-08-29T13:33:19","date_gmt":"2025-08-29T18:33:19","guid":{"rendered":"https:\/\/www.insta-pro.com\/traitement-du-mais-et-des-cereales\/"},"modified":"2025-09-08T14:39:35","modified_gmt":"2025-09-08T19:39:35","slug":"traitement-du-mais-et-des-cereales","status":"publish","type":"page","link":"https:\/\/instapro.spinuhost.com\/fr\/traitement-du-mais-et-des-cereales\/","title":{"rendered":"Traitement du ma\u00efs et des c\u00e9r\u00e9ales"},"content":{"rendered":"","protected":false},"excerpt":{"rendered":"","protected":false},"author":54,"featured_media":23088,"parent":0,"menu_order":0,"comment_status":"closed","ping_status":"closed","template":"","meta":{"_acf_changed":false,"footnotes":""},"class_list":["post-23131","page","type-page","status-publish","has-post-thumbnail","hentry"],"acf":[],"yoast_head":"<!-- This site is optimized with the Yoast SEO Premium plugin v26.2 (Yoast SEO v27.3) - https:\/\/yoast.com\/product\/yoast-seo-premium-wordpress\/ -->\n<title>Traitement du ma\u00efs et des c\u00e9r\u00e9ales - Insta-Pro<\/title>\n<meta name=\"description\" content=\"Les \u00e9quipements de traitement du ma\u00efs et des c\u00e9r\u00e9ales Insta-Pro permettent de produire des ingr\u00e9dients alimentaires nutritifs extrud\u00e9s, tels que le ma\u00efs extrud\u00e9, les m\u00e9langes ma\u00efs-soja et bien d&#039;autres.\" \/>\n<meta name=\"robots\" content=\"index, follow, max-snippet:-1, max-image-preview:large, max-video-preview:-1\" \/>\n<link rel=\"canonical\" href=\"https:\/\/instapro.spinuhost.com\/fr\/traitement-du-mais-et-des-cereales\/\" \/>\n<meta property=\"og:locale\" content=\"fr_FR\" \/>\n<meta property=\"og:type\" content=\"article\" \/>\n<meta property=\"og:title\" content=\"Traitement du ma\u00efs et des c\u00e9r\u00e9ales\" \/>\n<meta property=\"og:description\" content=\"Les \u00e9quipements de traitement du ma\u00efs et des c\u00e9r\u00e9ales Insta-Pro permettent de produire des ingr\u00e9dients alimentaires nutritifs extrud\u00e9s, tels que le ma\u00efs extrud\u00e9, les m\u00e9langes ma\u00efs-soja et bien d&#039;autres.\" \/>\n<meta property=\"og:url\" content=\"https:\/\/instapro.spinuhost.com\/fr\/traitement-du-mais-et-des-cereales\/\" \/>\n<meta property=\"og:site_name\" content=\"Insta-Pro\" \/>\n<meta property=\"article:publisher\" content=\"https:\/\/www.facebook.com\/instaprointernational\/\" \/>\n<meta property=\"article:modified_time\" content=\"2025-09-08T19:39:35+00:00\" \/>\n<meta property=\"og:image\" content=\"https:\/\/www.insta-pro.com\/wp-content\/uploads\/2025\/08\/Untitled-12.jpg\" \/>\n\t<meta property=\"og:image:width\" content=\"1920\" \/>\n\t<meta property=\"og:image:height\" content=\"1080\" \/>\n\t<meta property=\"og:image:type\" content=\"image\/jpeg\" \/>\n<meta name=\"twitter:card\" content=\"summary_large_image\" \/>\n<meta name=\"twitter:site\" content=\"@InstaProInt\" \/>\n<script type=\"application\/ld+json\" class=\"yoast-schema-graph\">{\"@context\":\"https:\\\/\\\/schema.org\",\"@graph\":[{\"@type\":\"WebPage\",\"@id\":\"https:\\\/\\\/instapro.spinuhost.com\\\/fr\\\/traitement-du-mais-et-des-cereales\\\/\",\"url\":\"https:\\\/\\\/instapro.spinuhost.com\\\/fr\\\/traitement-du-mais-et-des-cereales\\\/\",\"name\":\"Traitement du ma\u00efs et des c\u00e9r\u00e9ales - Insta-Pro\",\"isPartOf\":{\"@id\":\"https:\\\/\\\/insta-pro.spinudev.com\\\/en\\\/#website\"},\"primaryImageOfPage\":{\"@id\":\"https:\\\/\\\/instapro.spinuhost.com\\\/fr\\\/traitement-du-mais-et-des-cereales\\\/#primaryimage\"},\"image\":{\"@id\":\"https:\\\/\\\/instapro.spinuhost.com\\\/fr\\\/traitement-du-mais-et-des-cereales\\\/#primaryimage\"},\"thumbnailUrl\":\"https:\\\/\\\/instapro.spinuhost.com\\\/wp-content\\\/uploads\\\/2025\\\/08\\\/Untitled-12.jpg\",\"datePublished\":\"2025-08-29T18:33:19+00:00\",\"dateModified\":\"2025-09-08T19:39:35+00:00\",\"description\":\"Les \u00e9quipements de traitement du ma\u00efs et des c\u00e9r\u00e9ales Insta-Pro permettent de produire des ingr\u00e9dients alimentaires nutritifs extrud\u00e9s, tels que le ma\u00efs extrud\u00e9, les m\u00e9langes ma\u00efs-soja et bien d'autres.\",\"breadcrumb\":{\"@id\":\"https:\\\/\\\/instapro.spinuhost.com\\\/fr\\\/traitement-du-mais-et-des-cereales\\\/#breadcrumb\"},\"inLanguage\":\"fr-FR\",\"potentialAction\":[{\"@type\":\"ReadAction\",\"target\":[\"https:\\\/\\\/instapro.spinuhost.com\\\/fr\\\/traitement-du-mais-et-des-cereales\\\/\"]}]},{\"@type\":\"ImageObject\",\"inLanguage\":\"fr-FR\",\"@id\":\"https:\\\/\\\/instapro.spinuhost.com\\\/fr\\\/traitement-du-mais-et-des-cereales\\\/#primaryimage\",\"url\":\"https:\\\/\\\/instapro.spinuhost.com\\\/wp-content\\\/uploads\\\/2025\\\/08\\\/Untitled-12.jpg\",\"contentUrl\":\"https:\\\/\\\/instapro.spinuhost.com\\\/wp-content\\\/uploads\\\/2025\\\/08\\\/Untitled-12.jpg\",\"width\":1920,\"height\":1080},{\"@type\":\"BreadcrumbList\",\"@id\":\"https:\\\/\\\/instapro.spinuhost.com\\\/fr\\\/traitement-du-mais-et-des-cereales\\\/#breadcrumb\",\"itemListElement\":[{\"@type\":\"ListItem\",\"position\":1,\"name\":\"Home\",\"item\":\"https:\\\/\\\/insta-pro.com\\\/fr\\\/\"},{\"@type\":\"ListItem\",\"position\":2,\"name\":\"Traitement du ma\u00efs et des c\u00e9r\u00e9ales\"}]},{\"@type\":\"WebSite\",\"@id\":\"https:\\\/\\\/insta-pro.spinudev.com\\\/en\\\/#website\",\"url\":\"https:\\\/\\\/insta-pro.spinudev.com\\\/en\\\/\",\"name\":\"Insta-Pro\",\"description\":\"Extrusion Equipment Manufacturer\",\"publisher\":{\"@id\":\"https:\\\/\\\/insta-pro.spinudev.com\\\/en\\\/#organization\"},\"potentialAction\":[{\"@type\":\"SearchAction\",\"target\":{\"@type\":\"EntryPoint\",\"urlTemplate\":\"https:\\\/\\\/insta-pro.spinudev.com\\\/en\\\/?s={search_term_string}\"},\"query-input\":{\"@type\":\"PropertyValueSpecification\",\"valueRequired\":true,\"valueName\":\"search_term_string\"}}],\"inLanguage\":\"fr-FR\"},{\"@type\":\"Organization\",\"@id\":\"https:\\\/\\\/insta-pro.spinudev.com\\\/en\\\/#organization\",\"name\":\"Insta-Pro International\",\"alternateName\":\"Insta-Pro Intl.\",\"url\":\"https:\\\/\\\/insta-pro.spinudev.com\\\/en\\\/\",\"logo\":{\"@type\":\"ImageObject\",\"inLanguage\":\"fr-FR\",\"@id\":\"https:\\\/\\\/insta-pro.spinudev.com\\\/en\\\/#\\\/schema\\\/logo\\\/image\\\/\",\"url\":\"https:\\\/\\\/insta-pro.com\\\/wp-content\\\/uploads\\\/2026\\\/04\\\/512x512.jpg\",\"contentUrl\":\"https:\\\/\\\/insta-pro.com\\\/wp-content\\\/uploads\\\/2026\\\/04\\\/512x512.jpg\",\"width\":512,\"height\":512,\"caption\":\"Insta-Pro International\"},\"image\":{\"@id\":\"https:\\\/\\\/insta-pro.spinudev.com\\\/en\\\/#\\\/schema\\\/logo\\\/image\\\/\"},\"sameAs\":[\"https:\\\/\\\/www.facebook.com\\\/instaprointernational\\\/\",\"https:\\\/\\\/x.com\\\/InstaProInt\",\"https:\\\/\\\/www.linkedin.com\\\/company\\\/insta-pro-international\\\/\",\"https:\\\/\\\/www.youtube.com\\\/@insta-prointernational5033\"],\"email\":\"marketing@insta-pro.com\",\"telephone\":\"+1-515-254-1260\",\"legalName\":\"Insta-Pro International\",\"numberOfEmployees\":{\"@type\":\"QuantitativeValue\",\"minValue\":\"11\",\"maxValue\":\"50\"}}]}<\/script>\n<!-- \/ Yoast SEO Premium plugin. -->","yoast_head_json":{"title":"Traitement du ma\u00efs et des c\u00e9r\u00e9ales - Insta-Pro","description":"Les \u00e9quipements de traitement du ma\u00efs et des c\u00e9r\u00e9ales Insta-Pro permettent de produire des ingr\u00e9dients alimentaires nutritifs extrud\u00e9s, tels que le ma\u00efs extrud\u00e9, les m\u00e9langes ma\u00efs-soja et bien d'autres.","robots":{"index":"index","follow":"follow","max-snippet":"max-snippet:-1","max-image-preview":"max-image-preview:large","max-video-preview":"max-video-preview:-1"},"canonical":"https:\/\/instapro.spinuhost.com\/fr\/traitement-du-mais-et-des-cereales\/","og_locale":"fr_FR","og_type":"article","og_title":"Traitement du ma\u00efs et des c\u00e9r\u00e9ales","og_description":"Les \u00e9quipements de traitement du ma\u00efs et des c\u00e9r\u00e9ales Insta-Pro permettent de produire des ingr\u00e9dients alimentaires nutritifs extrud\u00e9s, tels que le ma\u00efs extrud\u00e9, les m\u00e9langes ma\u00efs-soja et bien d'autres.","og_url":"https:\/\/instapro.spinuhost.com\/fr\/traitement-du-mais-et-des-cereales\/","og_site_name":"Insta-Pro","article_publisher":"https:\/\/www.facebook.com\/instaprointernational\/","article_modified_time":"2025-09-08T19:39:35+00:00","og_image":[{"width":1920,"height":1080,"url":"https:\/\/www.insta-pro.com\/wp-content\/uploads\/2025\/08\/Untitled-12.jpg","type":"image\/jpeg"}],"twitter_card":"summary_large_image","twitter_site":"@InstaProInt","schema":{"@context":"https:\/\/schema.org","@graph":[{"@type":"WebPage","@id":"https:\/\/instapro.spinuhost.com\/fr\/traitement-du-mais-et-des-cereales\/","url":"https:\/\/instapro.spinuhost.com\/fr\/traitement-du-mais-et-des-cereales\/","name":"Traitement du ma\u00efs et des c\u00e9r\u00e9ales - Insta-Pro","isPartOf":{"@id":"https:\/\/insta-pro.spinudev.com\/en\/#website"},"primaryImageOfPage":{"@id":"https:\/\/instapro.spinuhost.com\/fr\/traitement-du-mais-et-des-cereales\/#primaryimage"},"image":{"@id":"https:\/\/instapro.spinuhost.com\/fr\/traitement-du-mais-et-des-cereales\/#primaryimage"},"thumbnailUrl":"https:\/\/instapro.spinuhost.com\/wp-content\/uploads\/2025\/08\/Untitled-12.jpg","datePublished":"2025-08-29T18:33:19+00:00","dateModified":"2025-09-08T19:39:35+00:00","description":"Les \u00e9quipements de traitement du ma\u00efs et des c\u00e9r\u00e9ales Insta-Pro permettent de produire des ingr\u00e9dients alimentaires nutritifs extrud\u00e9s, tels que le ma\u00efs extrud\u00e9, les m\u00e9langes ma\u00efs-soja et bien d'autres.","breadcrumb":{"@id":"https:\/\/instapro.spinuhost.com\/fr\/traitement-du-mais-et-des-cereales\/#breadcrumb"},"inLanguage":"fr-FR","potentialAction":[{"@type":"ReadAction","target":["https:\/\/instapro.spinuhost.com\/fr\/traitement-du-mais-et-des-cereales\/"]}]},{"@type":"ImageObject","inLanguage":"fr-FR","@id":"https:\/\/instapro.spinuhost.com\/fr\/traitement-du-mais-et-des-cereales\/#primaryimage","url":"https:\/\/instapro.spinuhost.com\/wp-content\/uploads\/2025\/08\/Untitled-12.jpg","contentUrl":"https:\/\/instapro.spinuhost.com\/wp-content\/uploads\/2025\/08\/Untitled-12.jpg","width":1920,"height":1080},{"@type":"BreadcrumbList","@id":"https:\/\/instapro.spinuhost.com\/fr\/traitement-du-mais-et-des-cereales\/#breadcrumb","itemListElement":[{"@type":"ListItem","position":1,"name":"Home","item":"https:\/\/insta-pro.com\/fr\/"},{"@type":"ListItem","position":2,"name":"Traitement du ma\u00efs et des c\u00e9r\u00e9ales"}]},{"@type":"WebSite","@id":"https:\/\/insta-pro.spinudev.com\/en\/#website","url":"https:\/\/insta-pro.spinudev.com\/en\/","name":"Insta-Pro","description":"Extrusion Equipment Manufacturer","publisher":{"@id":"https:\/\/insta-pro.spinudev.com\/en\/#organization"},"potentialAction":[{"@type":"SearchAction","target":{"@type":"EntryPoint","urlTemplate":"https:\/\/insta-pro.spinudev.com\/en\/?s={search_term_string}"},"query-input":{"@type":"PropertyValueSpecification","valueRequired":true,"valueName":"search_term_string"}}],"inLanguage":"fr-FR"},{"@type":"Organization","@id":"https:\/\/insta-pro.spinudev.com\/en\/#organization","name":"Insta-Pro International","alternateName":"Insta-Pro Intl.","url":"https:\/\/insta-pro.spinudev.com\/en\/","logo":{"@type":"ImageObject","inLanguage":"fr-FR","@id":"https:\/\/insta-pro.spinudev.com\/en\/#\/schema\/logo\/image\/","url":"https:\/\/insta-pro.com\/wp-content\/uploads\/2026\/04\/512x512.jpg","contentUrl":"https:\/\/insta-pro.com\/wp-content\/uploads\/2026\/04\/512x512.jpg","width":512,"height":512,"caption":"Insta-Pro International"},"image":{"@id":"https:\/\/insta-pro.spinudev.com\/en\/#\/schema\/logo\/image\/"},"sameAs":["https:\/\/www.facebook.com\/instaprointernational\/","https:\/\/x.com\/InstaProInt","https:\/\/www.linkedin.com\/company\/insta-pro-international\/","https:\/\/www.youtube.com\/@insta-prointernational5033"],"email":"marketing@insta-pro.com","telephone":"+1-515-254-1260","legalName":"Insta-Pro International","numberOfEmployees":{"@type":"QuantitativeValue","minValue":"11","maxValue":"50"}}]}},"_links":{"self":[{"href":"https:\/\/instapro.spinuhost.com\/fr\/wp-json\/wp\/v2\/pages\/23131","targetHints":{"allow":["GET"]}}],"collection":[{"href":"https:\/\/instapro.spinuhost.com\/fr\/wp-json\/wp\/v2\/pages"}],"about":[{"href":"https:\/\/instapro.spinuhost.com\/fr\/wp-json\/wp\/v2\/types\/page"}],"author":[{"embeddable":true,"href":"https:\/\/instapro.spinuhost.com\/fr\/wp-json\/wp\/v2\/users\/54"}],"replies":[{"embeddable":true,"href":"https:\/\/instapro.spinuhost.com\/fr\/wp-json\/wp\/v2\/comments?post=23131"}],"version-history":[{"count":3,"href":"https:\/\/instapro.spinuhost.com\/fr\/wp-json\/wp\/v2\/pages\/23131\/revisions"}],"predecessor-version":[{"id":23150,"href":"https:\/\/instapro.spinuhost.com\/fr\/wp-json\/wp\/v2\/pages\/23131\/revisions\/23150"}],"wp:featuredmedia":[{"embeddable":true,"href":"https:\/\/instapro.spinuhost.com\/fr\/wp-json\/wp\/v2\/media\/23088"}],"wp:attachment":[{"href":"https:\/\/instapro.spinuhost.com\/fr\/wp-json\/wp\/v2\/media?parent=23131"}],"curies":[{"name":"wp","href":"https:\/\/api.w.org\/{rel}","templated":true}]}}