{"id":22349,"date":"2025-04-30T01:08:56","date_gmt":"2025-04-30T06:08:56","guid":{"rendered":"https:\/\/www.insta-pro.com\/partenariats\/"},"modified":"2026-02-13T07:42:05","modified_gmt":"2026-02-13T13:42:05","slug":"partenariats","status":"publish","type":"page","link":"https:\/\/instapro.spinuhost.com\/fr\/partenariats\/","title":{"rendered":"Partenariats"},"content":{"rendered":"","protected":false},"excerpt":{"rendered":"","protected":false},"author":53,"featured_media":13415,"parent":0,"menu_order":0,"comment_status":"closed","ping_status":"closed","template":"","meta":{"_acf_changed":false,"footnotes":""},"class_list":["post-22349","page","type-page","status-publish","has-post-thumbnail","hentry"],"acf":[],"yoast_head":"<!-- This site is optimized with the Yoast SEO Premium plugin v26.2 (Yoast SEO v27.3) - https:\/\/yoast.com\/product\/yoast-seo-premium-wordpress\/ -->\n<title>Partenariats pour votre production - Insta-Pro International<\/title>\n<meta name=\"description\" content=\"Chez Insta-Pro Intl, nos clients sont notre priorit\u00e9. Nous avons \u00e9tabli des partenariats avec des entreprises du monde entier afin de vous proposer des solutions adapt\u00e9es localement.\" \/>\n<meta name=\"robots\" content=\"index, follow, max-snippet:-1, max-image-preview:large, max-video-preview:-1\" \/>\n<link rel=\"canonical\" href=\"https:\/\/instapro.spinuhost.com\/fr\/partenariats\/\" \/>\n<meta property=\"og:locale\" content=\"fr_FR\" \/>\n<meta property=\"og:type\" content=\"article\" \/>\n<meta property=\"og:title\" content=\"Partenariats\" \/>\n<meta property=\"og:description\" content=\"Chez Insta-Pro Intl, nos clients sont notre priorit\u00e9. Nous avons \u00e9tabli des partenariats avec des entreprises du monde entier afin de vous proposer des solutions adapt\u00e9es localement.\" \/>\n<meta property=\"og:url\" content=\"https:\/\/instapro.spinuhost.com\/fr\/partenariats\/\" \/>\n<meta property=\"og:site_name\" content=\"Insta-Pro\" \/>\n<meta property=\"article:publisher\" content=\"https:\/\/www.facebook.com\/instaprointernational\/\" \/>\n<meta property=\"article:modified_time\" content=\"2026-02-13T13:42:05+00:00\" \/>\n<meta property=\"og:image\" content=\"https:\/\/insta-pro.com\/wp-content\/uploads\/2019\/09\/hands-soy25.jpg\" \/>\n\t<meta property=\"og:image:width\" content=\"1029\" \/>\n\t<meta property=\"og:image:height\" content=\"684\" \/>\n\t<meta property=\"og:image:type\" content=\"image\/jpeg\" \/>\n<meta name=\"twitter:card\" content=\"summary_large_image\" \/>\n<meta name=\"twitter:site\" content=\"@InstaProInt\" \/>\n<script type=\"application\/ld+json\" class=\"yoast-schema-graph\">{\"@context\":\"https:\\\/\\\/schema.org\",\"@graph\":[{\"@type\":\"WebPage\",\"@id\":\"https:\\\/\\\/instapro.spinuhost.com\\\/fr\\\/partenariats\\\/\",\"url\":\"https:\\\/\\\/instapro.spinuhost.com\\\/fr\\\/partenariats\\\/\",\"name\":\"Partenariats pour votre production - Insta-Pro International\",\"isPartOf\":{\"@id\":\"https:\\\/\\\/insta-pro.spinudev.com\\\/en\\\/#website\"},\"primaryImageOfPage\":{\"@id\":\"https:\\\/\\\/instapro.spinuhost.com\\\/fr\\\/partenariats\\\/#primaryimage\"},\"image\":{\"@id\":\"https:\\\/\\\/instapro.spinuhost.com\\\/fr\\\/partenariats\\\/#primaryimage\"},\"thumbnailUrl\":\"https:\\\/\\\/instapro.spinuhost.com\\\/wp-content\\\/uploads\\\/2019\\\/09\\\/hands-soy25.jpg\",\"datePublished\":\"2025-04-30T06:08:56+00:00\",\"dateModified\":\"2026-02-13T13:42:05+00:00\",\"description\":\"Chez Insta-Pro Intl, nos clients sont notre priorit\u00e9. Nous avons \u00e9tabli des partenariats avec des entreprises du monde entier afin de vous proposer des solutions adapt\u00e9es localement.\",\"breadcrumb\":{\"@id\":\"https:\\\/\\\/instapro.spinuhost.com\\\/fr\\\/partenariats\\\/#breadcrumb\"},\"inLanguage\":\"fr-FR\",\"potentialAction\":[{\"@type\":\"ReadAction\",\"target\":[\"https:\\\/\\\/instapro.spinuhost.com\\\/fr\\\/partenariats\\\/\"]}]},{\"@type\":\"ImageObject\",\"inLanguage\":\"fr-FR\",\"@id\":\"https:\\\/\\\/instapro.spinuhost.com\\\/fr\\\/partenariats\\\/#primaryimage\",\"url\":\"https:\\\/\\\/instapro.spinuhost.com\\\/wp-content\\\/uploads\\\/2019\\\/09\\\/hands-soy25.jpg\",\"contentUrl\":\"https:\\\/\\\/instapro.spinuhost.com\\\/wp-content\\\/uploads\\\/2019\\\/09\\\/hands-soy25.jpg\",\"width\":1029,\"height\":684,\"caption\":\"une nouvelle recherche aidera les cultivateurs de soja en Afrique\"},{\"@type\":\"BreadcrumbList\",\"@id\":\"https:\\\/\\\/instapro.spinuhost.com\\\/fr\\\/partenariats\\\/#breadcrumb\",\"itemListElement\":[{\"@type\":\"ListItem\",\"position\":1,\"name\":\"Home\",\"item\":\"https:\\\/\\\/insta-pro.com\\\/fr\\\/\"},{\"@type\":\"ListItem\",\"position\":2,\"name\":\"Partenariats\"}]},{\"@type\":\"WebSite\",\"@id\":\"https:\\\/\\\/insta-pro.spinudev.com\\\/en\\\/#website\",\"url\":\"https:\\\/\\\/insta-pro.spinudev.com\\\/en\\\/\",\"name\":\"Insta-Pro\",\"description\":\"Extrusion Equipment Manufacturer\",\"publisher\":{\"@id\":\"https:\\\/\\\/insta-pro.spinudev.com\\\/en\\\/#organization\"},\"potentialAction\":[{\"@type\":\"SearchAction\",\"target\":{\"@type\":\"EntryPoint\",\"urlTemplate\":\"https:\\\/\\\/insta-pro.spinudev.com\\\/en\\\/?s={search_term_string}\"},\"query-input\":{\"@type\":\"PropertyValueSpecification\",\"valueRequired\":true,\"valueName\":\"search_term_string\"}}],\"inLanguage\":\"fr-FR\"},{\"@type\":\"Organization\",\"@id\":\"https:\\\/\\\/insta-pro.spinudev.com\\\/en\\\/#organization\",\"name\":\"Insta-Pro International\",\"alternateName\":\"Insta-Pro Intl.\",\"url\":\"https:\\\/\\\/insta-pro.spinudev.com\\\/en\\\/\",\"logo\":{\"@type\":\"ImageObject\",\"inLanguage\":\"fr-FR\",\"@id\":\"https:\\\/\\\/insta-pro.spinudev.com\\\/en\\\/#\\\/schema\\\/logo\\\/image\\\/\",\"url\":\"https:\\\/\\\/insta-pro.com\\\/wp-content\\\/uploads\\\/2026\\\/04\\\/512x512.jpg\",\"contentUrl\":\"https:\\\/\\\/insta-pro.com\\\/wp-content\\\/uploads\\\/2026\\\/04\\\/512x512.jpg\",\"width\":512,\"height\":512,\"caption\":\"Insta-Pro International\"},\"image\":{\"@id\":\"https:\\\/\\\/insta-pro.spinudev.com\\\/en\\\/#\\\/schema\\\/logo\\\/image\\\/\"},\"sameAs\":[\"https:\\\/\\\/www.facebook.com\\\/instaprointernational\\\/\",\"https:\\\/\\\/x.com\\\/InstaProInt\",\"https:\\\/\\\/www.linkedin.com\\\/company\\\/insta-pro-international\\\/\",\"https:\\\/\\\/www.youtube.com\\\/@insta-prointernational5033\"],\"email\":\"marketing@insta-pro.com\",\"telephone\":\"+1-515-254-1260\",\"legalName\":\"Insta-Pro International\",\"numberOfEmployees\":{\"@type\":\"QuantitativeValue\",\"minValue\":\"11\",\"maxValue\":\"50\"}}]}<\/script>\n<!-- \/ Yoast SEO Premium plugin. -->","yoast_head_json":{"title":"Partenariats pour votre production - Insta-Pro International","description":"Chez Insta-Pro Intl, nos clients sont notre priorit\u00e9. Nous avons \u00e9tabli des partenariats avec des entreprises du monde entier afin de vous proposer des solutions adapt\u00e9es localement.","robots":{"index":"index","follow":"follow","max-snippet":"max-snippet:-1","max-image-preview":"max-image-preview:large","max-video-preview":"max-video-preview:-1"},"canonical":"https:\/\/instapro.spinuhost.com\/fr\/partenariats\/","og_locale":"fr_FR","og_type":"article","og_title":"Partenariats","og_description":"Chez Insta-Pro Intl, nos clients sont notre priorit\u00e9. Nous avons \u00e9tabli des partenariats avec des entreprises du monde entier afin de vous proposer des solutions adapt\u00e9es localement.","og_url":"https:\/\/instapro.spinuhost.com\/fr\/partenariats\/","og_site_name":"Insta-Pro","article_publisher":"https:\/\/www.facebook.com\/instaprointernational\/","article_modified_time":"2026-02-13T13:42:05+00:00","og_image":[{"width":1029,"height":684,"url":"https:\/\/insta-pro.com\/wp-content\/uploads\/2019\/09\/hands-soy25.jpg","type":"image\/jpeg"}],"twitter_card":"summary_large_image","twitter_site":"@InstaProInt","schema":{"@context":"https:\/\/schema.org","@graph":[{"@type":"WebPage","@id":"https:\/\/instapro.spinuhost.com\/fr\/partenariats\/","url":"https:\/\/instapro.spinuhost.com\/fr\/partenariats\/","name":"Partenariats pour votre production - Insta-Pro International","isPartOf":{"@id":"https:\/\/insta-pro.spinudev.com\/en\/#website"},"primaryImageOfPage":{"@id":"https:\/\/instapro.spinuhost.com\/fr\/partenariats\/#primaryimage"},"image":{"@id":"https:\/\/instapro.spinuhost.com\/fr\/partenariats\/#primaryimage"},"thumbnailUrl":"https:\/\/instapro.spinuhost.com\/wp-content\/uploads\/2019\/09\/hands-soy25.jpg","datePublished":"2025-04-30T06:08:56+00:00","dateModified":"2026-02-13T13:42:05+00:00","description":"Chez Insta-Pro Intl, nos clients sont notre priorit\u00e9. Nous avons \u00e9tabli des partenariats avec des entreprises du monde entier afin de vous proposer des solutions adapt\u00e9es localement.","breadcrumb":{"@id":"https:\/\/instapro.spinuhost.com\/fr\/partenariats\/#breadcrumb"},"inLanguage":"fr-FR","potentialAction":[{"@type":"ReadAction","target":["https:\/\/instapro.spinuhost.com\/fr\/partenariats\/"]}]},{"@type":"ImageObject","inLanguage":"fr-FR","@id":"https:\/\/instapro.spinuhost.com\/fr\/partenariats\/#primaryimage","url":"https:\/\/instapro.spinuhost.com\/wp-content\/uploads\/2019\/09\/hands-soy25.jpg","contentUrl":"https:\/\/instapro.spinuhost.com\/wp-content\/uploads\/2019\/09\/hands-soy25.jpg","width":1029,"height":684,"caption":"une nouvelle recherche aidera les cultivateurs de soja en Afrique"},{"@type":"BreadcrumbList","@id":"https:\/\/instapro.spinuhost.com\/fr\/partenariats\/#breadcrumb","itemListElement":[{"@type":"ListItem","position":1,"name":"Home","item":"https:\/\/insta-pro.com\/fr\/"},{"@type":"ListItem","position":2,"name":"Partenariats"}]},{"@type":"WebSite","@id":"https:\/\/insta-pro.spinudev.com\/en\/#website","url":"https:\/\/insta-pro.spinudev.com\/en\/","name":"Insta-Pro","description":"Extrusion Equipment Manufacturer","publisher":{"@id":"https:\/\/insta-pro.spinudev.com\/en\/#organization"},"potentialAction":[{"@type":"SearchAction","target":{"@type":"EntryPoint","urlTemplate":"https:\/\/insta-pro.spinudev.com\/en\/?s={search_term_string}"},"query-input":{"@type":"PropertyValueSpecification","valueRequired":true,"valueName":"search_term_string"}}],"inLanguage":"fr-FR"},{"@type":"Organization","@id":"https:\/\/insta-pro.spinudev.com\/en\/#organization","name":"Insta-Pro International","alternateName":"Insta-Pro Intl.","url":"https:\/\/insta-pro.spinudev.com\/en\/","logo":{"@type":"ImageObject","inLanguage":"fr-FR","@id":"https:\/\/insta-pro.spinudev.com\/en\/#\/schema\/logo\/image\/","url":"https:\/\/insta-pro.com\/wp-content\/uploads\/2026\/04\/512x512.jpg","contentUrl":"https:\/\/insta-pro.com\/wp-content\/uploads\/2026\/04\/512x512.jpg","width":512,"height":512,"caption":"Insta-Pro International"},"image":{"@id":"https:\/\/insta-pro.spinudev.com\/en\/#\/schema\/logo\/image\/"},"sameAs":["https:\/\/www.facebook.com\/instaprointernational\/","https:\/\/x.com\/InstaProInt","https:\/\/www.linkedin.com\/company\/insta-pro-international\/","https:\/\/www.youtube.com\/@insta-prointernational5033"],"email":"marketing@insta-pro.com","telephone":"+1-515-254-1260","legalName":"Insta-Pro International","numberOfEmployees":{"@type":"QuantitativeValue","minValue":"11","maxValue":"50"}}]}},"_links":{"self":[{"href":"https:\/\/instapro.spinuhost.com\/fr\/wp-json\/wp\/v2\/pages\/22349","targetHints":{"allow":["GET"]}}],"collection":[{"href":"https:\/\/instapro.spinuhost.com\/fr\/wp-json\/wp\/v2\/pages"}],"about":[{"href":"https:\/\/instapro.spinuhost.com\/fr\/wp-json\/wp\/v2\/types\/page"}],"author":[{"embeddable":true,"href":"https:\/\/instapro.spinuhost.com\/fr\/wp-json\/wp\/v2\/users\/53"}],"replies":[{"embeddable":true,"href":"https:\/\/instapro.spinuhost.com\/fr\/wp-json\/wp\/v2\/comments?post=22349"}],"version-history":[{"count":9,"href":"https:\/\/instapro.spinuhost.com\/fr\/wp-json\/wp\/v2\/pages\/22349\/revisions"}],"predecessor-version":[{"id":23923,"href":"https:\/\/instapro.spinuhost.com\/fr\/wp-json\/wp\/v2\/pages\/22349\/revisions\/23923"}],"wp:featuredmedia":[{"embeddable":true,"href":"https:\/\/instapro.spinuhost.com\/fr\/wp-json\/wp\/v2\/media\/13415"}],"wp:attachment":[{"href":"https:\/\/instapro.spinuhost.com\/fr\/wp-json\/wp\/v2\/media?parent=22349"}],"curies":[{"name":"wp","href":"https:\/\/api.w.org\/{rel}","templated":true}]}}