{"id":21665,"date":"2025-04-30T01:08:22","date_gmt":"2025-04-30T06:08:22","guid":{"rendered":"https:\/\/www.insta-pro.com\/?page_id=21665"},"modified":"2025-06-26T11:40:52","modified_gmt":"2025-06-26T16:40:52","slug":"desmet","status":"publish","type":"page","link":"https:\/\/instapro.spinuhost.com\/fr\/desmet\/","title":{"rendered":"Desmet"},"content":{"rendered":"","protected":false},"excerpt":{"rendered":"","protected":false},"author":54,"featured_media":21947,"parent":0,"menu_order":0,"comment_status":"closed","ping_status":"closed","template":"","meta":{"_acf_changed":false,"footnotes":""},"class_list":["post-21665","page","type-page","status-publish","has-post-thumbnail","hentry"],"acf":[],"yoast_head":"<!-- This site is optimized with the Yoast SEO Premium plugin v26.2 (Yoast SEO v27.3) - https:\/\/yoast.com\/product\/yoast-seo-premium-wordpress\/ -->\n<title>Insta-Pro + Desmet : Partenariat dans le syst\u00e8mes d&#039;extrusion-pressage<\/title>\n<meta name=\"description\" content=\"Insta-Pro Intl a certifi\u00e9 la presse Sterling de Desmet Rosedowns pour une utilisation dans les syst\u00e8mes ExPress\u00ae d&#039;Insta-Pro. Collaborer pour offrir une expertise et des solutions d&#039;\u00e9quipement de pointe pour le traitement \u00e0 grande \u00e9chelle du soja et des graines \u00e0 forte teneur en huile, telles que le tournesol et le colza.\" \/>\n<meta name=\"robots\" content=\"index, follow, max-snippet:-1, max-image-preview:large, max-video-preview:-1\" \/>\n<link rel=\"canonical\" href=\"https:\/\/instapro.spinuhost.com\/fr\/desmet\/\" \/>\n<meta property=\"og:locale\" content=\"fr_FR\" \/>\n<meta property=\"og:type\" content=\"article\" \/>\n<meta property=\"og:title\" content=\"Desmet\" \/>\n<meta property=\"og:description\" content=\"Insta-Pro Intl a certifi\u00e9 la presse Sterling de Desmet Rosedowns pour une utilisation dans les syst\u00e8mes ExPress\u00ae d&#039;Insta-Pro. Collaborer pour offrir une expertise et des solutions d&#039;\u00e9quipement de pointe pour le traitement \u00e0 grande \u00e9chelle du soja et des graines \u00e0 forte teneur en huile, telles que le tournesol et le colza.\" \/>\n<meta property=\"og:url\" content=\"https:\/\/instapro.spinuhost.com\/fr\/desmet\/\" \/>\n<meta property=\"og:site_name\" content=\"Insta-Pro\" \/>\n<meta property=\"article:publisher\" content=\"https:\/\/www.facebook.com\/instaprointernational\/\" \/>\n<meta property=\"article:modified_time\" content=\"2025-06-26T16:40:52+00:00\" \/>\n<meta property=\"og:image\" content=\"https:\/\/www.insta-pro.com\/wp-content\/uploads\/2025\/04\/IP-Desmet-pg-header-3.jpg\" \/>\n\t<meta property=\"og:image:width\" content=\"1920\" \/>\n\t<meta property=\"og:image:height\" content=\"1080\" \/>\n\t<meta property=\"og:image:type\" content=\"image\/jpeg\" \/>\n<meta name=\"twitter:card\" content=\"summary_large_image\" \/>\n<meta name=\"twitter:site\" content=\"@InstaProInt\" \/>\n<script type=\"application\/ld+json\" class=\"yoast-schema-graph\">{\"@context\":\"https:\\\/\\\/schema.org\",\"@graph\":[{\"@type\":\"WebPage\",\"@id\":\"https:\\\/\\\/instapro.spinuhost.com\\\/fr\\\/desmet\\\/\",\"url\":\"https:\\\/\\\/instapro.spinuhost.com\\\/fr\\\/desmet\\\/\",\"name\":\"Insta-Pro + Desmet : Partenariat dans le syst\u00e8mes d'extrusion-pressage\",\"isPartOf\":{\"@id\":\"https:\\\/\\\/insta-pro.spinudev.com\\\/en\\\/#website\"},\"primaryImageOfPage\":{\"@id\":\"https:\\\/\\\/instapro.spinuhost.com\\\/fr\\\/desmet\\\/#primaryimage\"},\"image\":{\"@id\":\"https:\\\/\\\/instapro.spinuhost.com\\\/fr\\\/desmet\\\/#primaryimage\"},\"thumbnailUrl\":\"https:\\\/\\\/instapro.spinuhost.com\\\/wp-content\\\/uploads\\\/2025\\\/04\\\/IP-Desmet-pg-header-3.jpg\",\"datePublished\":\"2025-04-30T06:08:22+00:00\",\"dateModified\":\"2025-06-26T16:40:52+00:00\",\"description\":\"Insta-Pro Intl a certifi\u00e9 la presse Sterling de Desmet Rosedowns pour une utilisation dans les syst\u00e8mes ExPress\u00ae d'Insta-Pro. Collaborer pour offrir une expertise et des solutions d'\u00e9quipement de pointe pour le traitement \u00e0 grande \u00e9chelle du soja et des graines \u00e0 forte teneur en huile, telles que le tournesol et le colza.\",\"breadcrumb\":{\"@id\":\"https:\\\/\\\/instapro.spinuhost.com\\\/fr\\\/desmet\\\/#breadcrumb\"},\"inLanguage\":\"fr-FR\",\"potentialAction\":[{\"@type\":\"ReadAction\",\"target\":[\"https:\\\/\\\/instapro.spinuhost.com\\\/fr\\\/desmet\\\/\"]}]},{\"@type\":\"ImageObject\",\"inLanguage\":\"fr-FR\",\"@id\":\"https:\\\/\\\/instapro.spinuhost.com\\\/fr\\\/desmet\\\/#primaryimage\",\"url\":\"https:\\\/\\\/instapro.spinuhost.com\\\/wp-content\\\/uploads\\\/2025\\\/04\\\/IP-Desmet-pg-header-3.jpg\",\"contentUrl\":\"https:\\\/\\\/instapro.spinuhost.com\\\/wp-content\\\/uploads\\\/2025\\\/04\\\/IP-Desmet-pg-header-3.jpg\",\"width\":1920,\"height\":1080},{\"@type\":\"BreadcrumbList\",\"@id\":\"https:\\\/\\\/instapro.spinuhost.com\\\/fr\\\/desmet\\\/#breadcrumb\",\"itemListElement\":[{\"@type\":\"ListItem\",\"position\":1,\"name\":\"Home\",\"item\":\"https:\\\/\\\/insta-pro.com\\\/fr\\\/\"},{\"@type\":\"ListItem\",\"position\":2,\"name\":\"Desmet\"}]},{\"@type\":\"WebSite\",\"@id\":\"https:\\\/\\\/insta-pro.spinudev.com\\\/en\\\/#website\",\"url\":\"https:\\\/\\\/insta-pro.spinudev.com\\\/en\\\/\",\"name\":\"Insta-Pro\",\"description\":\"Extrusion Equipment Manufacturer\",\"publisher\":{\"@id\":\"https:\\\/\\\/insta-pro.spinudev.com\\\/en\\\/#organization\"},\"potentialAction\":[{\"@type\":\"SearchAction\",\"target\":{\"@type\":\"EntryPoint\",\"urlTemplate\":\"https:\\\/\\\/insta-pro.spinudev.com\\\/en\\\/?s={search_term_string}\"},\"query-input\":{\"@type\":\"PropertyValueSpecification\",\"valueRequired\":true,\"valueName\":\"search_term_string\"}}],\"inLanguage\":\"fr-FR\"},{\"@type\":\"Organization\",\"@id\":\"https:\\\/\\\/insta-pro.spinudev.com\\\/en\\\/#organization\",\"name\":\"Insta-Pro International\",\"alternateName\":\"Insta-Pro Intl.\",\"url\":\"https:\\\/\\\/insta-pro.spinudev.com\\\/en\\\/\",\"logo\":{\"@type\":\"ImageObject\",\"inLanguage\":\"fr-FR\",\"@id\":\"https:\\\/\\\/insta-pro.spinudev.com\\\/en\\\/#\\\/schema\\\/logo\\\/image\\\/\",\"url\":\"https:\\\/\\\/insta-pro.com\\\/wp-content\\\/uploads\\\/2026\\\/04\\\/512x512.jpg\",\"contentUrl\":\"https:\\\/\\\/insta-pro.com\\\/wp-content\\\/uploads\\\/2026\\\/04\\\/512x512.jpg\",\"width\":512,\"height\":512,\"caption\":\"Insta-Pro International\"},\"image\":{\"@id\":\"https:\\\/\\\/insta-pro.spinudev.com\\\/en\\\/#\\\/schema\\\/logo\\\/image\\\/\"},\"sameAs\":[\"https:\\\/\\\/www.facebook.com\\\/instaprointernational\\\/\",\"https:\\\/\\\/x.com\\\/InstaProInt\",\"https:\\\/\\\/www.linkedin.com\\\/company\\\/insta-pro-international\\\/\",\"https:\\\/\\\/www.youtube.com\\\/@insta-prointernational5033\"],\"email\":\"marketing@insta-pro.com\",\"telephone\":\"+1-515-254-1260\",\"legalName\":\"Insta-Pro International\",\"numberOfEmployees\":{\"@type\":\"QuantitativeValue\",\"minValue\":\"11\",\"maxValue\":\"50\"}}]}<\/script>\n<!-- \/ Yoast SEO Premium plugin. -->","yoast_head_json":{"title":"Insta-Pro + Desmet : Partenariat dans le syst\u00e8mes d'extrusion-pressage","description":"Insta-Pro Intl a certifi\u00e9 la presse Sterling de Desmet Rosedowns pour une utilisation dans les syst\u00e8mes ExPress\u00ae d'Insta-Pro. Collaborer pour offrir une expertise et des solutions d'\u00e9quipement de pointe pour le traitement \u00e0 grande \u00e9chelle du soja et des graines \u00e0 forte teneur en huile, telles que le tournesol et le colza.","robots":{"index":"index","follow":"follow","max-snippet":"max-snippet:-1","max-image-preview":"max-image-preview:large","max-video-preview":"max-video-preview:-1"},"canonical":"https:\/\/instapro.spinuhost.com\/fr\/desmet\/","og_locale":"fr_FR","og_type":"article","og_title":"Desmet","og_description":"Insta-Pro Intl a certifi\u00e9 la presse Sterling de Desmet Rosedowns pour une utilisation dans les syst\u00e8mes ExPress\u00ae d'Insta-Pro. Collaborer pour offrir une expertise et des solutions d'\u00e9quipement de pointe pour le traitement \u00e0 grande \u00e9chelle du soja et des graines \u00e0 forte teneur en huile, telles que le tournesol et le colza.","og_url":"https:\/\/instapro.spinuhost.com\/fr\/desmet\/","og_site_name":"Insta-Pro","article_publisher":"https:\/\/www.facebook.com\/instaprointernational\/","article_modified_time":"2025-06-26T16:40:52+00:00","og_image":[{"width":1920,"height":1080,"url":"https:\/\/www.insta-pro.com\/wp-content\/uploads\/2025\/04\/IP-Desmet-pg-header-3.jpg","type":"image\/jpeg"}],"twitter_card":"summary_large_image","twitter_site":"@InstaProInt","schema":{"@context":"https:\/\/schema.org","@graph":[{"@type":"WebPage","@id":"https:\/\/instapro.spinuhost.com\/fr\/desmet\/","url":"https:\/\/instapro.spinuhost.com\/fr\/desmet\/","name":"Insta-Pro + Desmet : Partenariat dans le syst\u00e8mes d'extrusion-pressage","isPartOf":{"@id":"https:\/\/insta-pro.spinudev.com\/en\/#website"},"primaryImageOfPage":{"@id":"https:\/\/instapro.spinuhost.com\/fr\/desmet\/#primaryimage"},"image":{"@id":"https:\/\/instapro.spinuhost.com\/fr\/desmet\/#primaryimage"},"thumbnailUrl":"https:\/\/instapro.spinuhost.com\/wp-content\/uploads\/2025\/04\/IP-Desmet-pg-header-3.jpg","datePublished":"2025-04-30T06:08:22+00:00","dateModified":"2025-06-26T16:40:52+00:00","description":"Insta-Pro Intl a certifi\u00e9 la presse Sterling de Desmet Rosedowns pour une utilisation dans les syst\u00e8mes ExPress\u00ae d'Insta-Pro. Collaborer pour offrir une expertise et des solutions d'\u00e9quipement de pointe pour le traitement \u00e0 grande \u00e9chelle du soja et des graines \u00e0 forte teneur en huile, telles que le tournesol et le colza.","breadcrumb":{"@id":"https:\/\/instapro.spinuhost.com\/fr\/desmet\/#breadcrumb"},"inLanguage":"fr-FR","potentialAction":[{"@type":"ReadAction","target":["https:\/\/instapro.spinuhost.com\/fr\/desmet\/"]}]},{"@type":"ImageObject","inLanguage":"fr-FR","@id":"https:\/\/instapro.spinuhost.com\/fr\/desmet\/#primaryimage","url":"https:\/\/instapro.spinuhost.com\/wp-content\/uploads\/2025\/04\/IP-Desmet-pg-header-3.jpg","contentUrl":"https:\/\/instapro.spinuhost.com\/wp-content\/uploads\/2025\/04\/IP-Desmet-pg-header-3.jpg","width":1920,"height":1080},{"@type":"BreadcrumbList","@id":"https:\/\/instapro.spinuhost.com\/fr\/desmet\/#breadcrumb","itemListElement":[{"@type":"ListItem","position":1,"name":"Home","item":"https:\/\/insta-pro.com\/fr\/"},{"@type":"ListItem","position":2,"name":"Desmet"}]},{"@type":"WebSite","@id":"https:\/\/insta-pro.spinudev.com\/en\/#website","url":"https:\/\/insta-pro.spinudev.com\/en\/","name":"Insta-Pro","description":"Extrusion Equipment Manufacturer","publisher":{"@id":"https:\/\/insta-pro.spinudev.com\/en\/#organization"},"potentialAction":[{"@type":"SearchAction","target":{"@type":"EntryPoint","urlTemplate":"https:\/\/insta-pro.spinudev.com\/en\/?s={search_term_string}"},"query-input":{"@type":"PropertyValueSpecification","valueRequired":true,"valueName":"search_term_string"}}],"inLanguage":"fr-FR"},{"@type":"Organization","@id":"https:\/\/insta-pro.spinudev.com\/en\/#organization","name":"Insta-Pro International","alternateName":"Insta-Pro Intl.","url":"https:\/\/insta-pro.spinudev.com\/en\/","logo":{"@type":"ImageObject","inLanguage":"fr-FR","@id":"https:\/\/insta-pro.spinudev.com\/en\/#\/schema\/logo\/image\/","url":"https:\/\/insta-pro.com\/wp-content\/uploads\/2026\/04\/512x512.jpg","contentUrl":"https:\/\/insta-pro.com\/wp-content\/uploads\/2026\/04\/512x512.jpg","width":512,"height":512,"caption":"Insta-Pro International"},"image":{"@id":"https:\/\/insta-pro.spinudev.com\/en\/#\/schema\/logo\/image\/"},"sameAs":["https:\/\/www.facebook.com\/instaprointernational\/","https:\/\/x.com\/InstaProInt","https:\/\/www.linkedin.com\/company\/insta-pro-international\/","https:\/\/www.youtube.com\/@insta-prointernational5033"],"email":"marketing@insta-pro.com","telephone":"+1-515-254-1260","legalName":"Insta-Pro International","numberOfEmployees":{"@type":"QuantitativeValue","minValue":"11","maxValue":"50"}}]}},"_links":{"self":[{"href":"https:\/\/instapro.spinuhost.com\/fr\/wp-json\/wp\/v2\/pages\/21665","targetHints":{"allow":["GET"]}}],"collection":[{"href":"https:\/\/instapro.spinuhost.com\/fr\/wp-json\/wp\/v2\/pages"}],"about":[{"href":"https:\/\/instapro.spinuhost.com\/fr\/wp-json\/wp\/v2\/types\/page"}],"author":[{"embeddable":true,"href":"https:\/\/instapro.spinuhost.com\/fr\/wp-json\/wp\/v2\/users\/54"}],"replies":[{"embeddable":true,"href":"https:\/\/instapro.spinuhost.com\/fr\/wp-json\/wp\/v2\/comments?post=21665"}],"version-history":[{"count":20,"href":"https:\/\/instapro.spinuhost.com\/fr\/wp-json\/wp\/v2\/pages\/21665\/revisions"}],"predecessor-version":[{"id":22889,"href":"https:\/\/instapro.spinuhost.com\/fr\/wp-json\/wp\/v2\/pages\/21665\/revisions\/22889"}],"wp:featuredmedia":[{"embeddable":true,"href":"https:\/\/instapro.spinuhost.com\/fr\/wp-json\/wp\/v2\/media\/21947"}],"wp:attachment":[{"href":"https:\/\/instapro.spinuhost.com\/fr\/wp-json\/wp\/v2\/media?parent=21665"}],"curies":[{"name":"wp","href":"https:\/\/api.w.org\/{rel}","templated":true}]}}