{"id":15758,"date":"2022-01-21T10:08:19","date_gmt":"2022-01-21T16:08:19","guid":{"rendered":"https:\/\/www.insta-pro.com\/?page_id=15758"},"modified":"2025-06-26T13:10:37","modified_gmt":"2025-06-26T18:10:37","slug":"pieces-detachees","status":"publish","type":"page","link":"https:\/\/instapro.spinuhost.com\/fr\/pieces-detachees\/","title":{"rendered":"Pi\u00e8ces d\u00e9tach\u00e9es"},"content":{"rendered":"","protected":false},"excerpt":{"rendered":"","protected":false},"author":53,"featured_media":16802,"parent":0,"menu_order":0,"comment_status":"closed","ping_status":"closed","template":"","meta":{"_acf_changed":false,"footnotes":""},"class_list":["post-15758","page","type-page","status-publish","has-post-thumbnail","hentry"],"acf":[],"yoast_head":"<!-- This site is optimized with the Yoast SEO Premium plugin v26.2 (Yoast SEO v27.3) - https:\/\/yoast.com\/product\/yoast-seo-premium-wordpress\/ -->\n<title>Pi\u00e8ces de rechange et services pour \u00e9quipements agricoles<\/title>\n<meta name=\"description\" content=\"Pr\u00e9sents dans le monde entier pour l&#039;exp\u00e9dition express, nous fabriquons des pi\u00e8ces de rechange de qualit\u00e9 pour les \u00e9quipements agricoles pour une longue dur\u00e9e de vie et de meilleures capacit\u00e9s de traitement.\" \/>\n<meta name=\"robots\" content=\"index, follow, max-snippet:-1, max-image-preview:large, max-video-preview:-1\" \/>\n<link rel=\"canonical\" href=\"https:\/\/instapro.spinuhost.com\/fr\/pieces-detachees\/\" \/>\n<meta property=\"og:locale\" content=\"fr_FR\" \/>\n<meta property=\"og:type\" content=\"article\" \/>\n<meta property=\"og:title\" content=\"Pi\u00e8ces d\u00e9tach\u00e9es\" \/>\n<meta property=\"og:description\" content=\"Pr\u00e9sents dans le monde entier pour l&#039;exp\u00e9dition express, nous fabriquons des pi\u00e8ces de rechange de qualit\u00e9 pour les \u00e9quipements agricoles pour une longue dur\u00e9e de vie et de meilleures capacit\u00e9s de traitement.\" \/>\n<meta property=\"og:url\" content=\"https:\/\/instapro.spinuhost.com\/fr\/pieces-detachees\/\" \/>\n<meta property=\"og:site_name\" content=\"Insta-Pro\" \/>\n<meta property=\"article:publisher\" content=\"https:\/\/www.facebook.com\/instaprointernational\/\" \/>\n<meta property=\"article:modified_time\" content=\"2025-06-26T18:10:37+00:00\" \/>\n<meta property=\"og:image\" content=\"https:\/\/dnhhw5f4ou41m.cloudfront.net\/wp-content\/uploads\/2022\/08\/parts-header.png\" \/>\n\t<meta property=\"og:image:width\" content=\"720\" \/>\n\t<meta property=\"og:image:height\" content=\"576\" \/>\n\t<meta property=\"og:image:type\" content=\"image\/png\" \/>\n<meta name=\"twitter:card\" content=\"summary_large_image\" \/>\n<meta name=\"twitter:site\" content=\"@InstaProInt\" \/>\n<script type=\"application\/ld+json\" class=\"yoast-schema-graph\">{\"@context\":\"https:\\\/\\\/schema.org\",\"@graph\":[{\"@type\":\"WebPage\",\"@id\":\"https:\\\/\\\/instapro.spinuhost.com\\\/fr\\\/pieces-detachees\\\/\",\"url\":\"https:\\\/\\\/instapro.spinuhost.com\\\/fr\\\/pieces-detachees\\\/\",\"name\":\"Pi\u00e8ces de rechange et services pour \u00e9quipements agricoles\",\"isPartOf\":{\"@id\":\"https:\\\/\\\/insta-pro.spinudev.com\\\/en\\\/#website\"},\"primaryImageOfPage\":{\"@id\":\"https:\\\/\\\/instapro.spinuhost.com\\\/fr\\\/pieces-detachees\\\/#primaryimage\"},\"image\":{\"@id\":\"https:\\\/\\\/instapro.spinuhost.com\\\/fr\\\/pieces-detachees\\\/#primaryimage\"},\"thumbnailUrl\":\"https:\\\/\\\/instapro.spinuhost.com\\\/wp-content\\\/uploads\\\/2022\\\/08\\\/parts-header.png\",\"datePublished\":\"2022-01-21T16:08:19+00:00\",\"dateModified\":\"2025-06-26T18:10:37+00:00\",\"description\":\"Pr\u00e9sents dans le monde entier pour l'exp\u00e9dition express, nous fabriquons des pi\u00e8ces de rechange de qualit\u00e9 pour les \u00e9quipements agricoles pour une longue dur\u00e9e de vie et de meilleures capacit\u00e9s de traitement.\",\"breadcrumb\":{\"@id\":\"https:\\\/\\\/instapro.spinuhost.com\\\/fr\\\/pieces-detachees\\\/#breadcrumb\"},\"inLanguage\":\"fr-FR\",\"potentialAction\":[{\"@type\":\"ReadAction\",\"target\":[\"https:\\\/\\\/instapro.spinuhost.com\\\/fr\\\/pieces-detachees\\\/\"]}]},{\"@type\":\"ImageObject\",\"inLanguage\":\"fr-FR\",\"@id\":\"https:\\\/\\\/instapro.spinuhost.com\\\/fr\\\/pieces-detachees\\\/#primaryimage\",\"url\":\"https:\\\/\\\/instapro.spinuhost.com\\\/wp-content\\\/uploads\\\/2022\\\/08\\\/parts-header.png\",\"contentUrl\":\"https:\\\/\\\/instapro.spinuhost.com\\\/wp-content\\\/uploads\\\/2022\\\/08\\\/parts-header.png\",\"width\":720,\"height\":576,\"caption\":\"Pi\u00e8ces d\u00e9tach\u00e9es d'\u00e9quipement\"},{\"@type\":\"BreadcrumbList\",\"@id\":\"https:\\\/\\\/instapro.spinuhost.com\\\/fr\\\/pieces-detachees\\\/#breadcrumb\",\"itemListElement\":[{\"@type\":\"ListItem\",\"position\":1,\"name\":\"Home\",\"item\":\"https:\\\/\\\/insta-pro.com\\\/fr\\\/\"},{\"@type\":\"ListItem\",\"position\":2,\"name\":\"Pi\u00e8ces d\u00e9tach\u00e9es\"}]},{\"@type\":\"WebSite\",\"@id\":\"https:\\\/\\\/insta-pro.spinudev.com\\\/en\\\/#website\",\"url\":\"https:\\\/\\\/insta-pro.spinudev.com\\\/en\\\/\",\"name\":\"Insta-Pro\",\"description\":\"Extrusion Equipment Manufacturer\",\"publisher\":{\"@id\":\"https:\\\/\\\/insta-pro.spinudev.com\\\/en\\\/#organization\"},\"potentialAction\":[{\"@type\":\"SearchAction\",\"target\":{\"@type\":\"EntryPoint\",\"urlTemplate\":\"https:\\\/\\\/insta-pro.spinudev.com\\\/en\\\/?s={search_term_string}\"},\"query-input\":{\"@type\":\"PropertyValueSpecification\",\"valueRequired\":true,\"valueName\":\"search_term_string\"}}],\"inLanguage\":\"fr-FR\"},{\"@type\":\"Organization\",\"@id\":\"https:\\\/\\\/insta-pro.spinudev.com\\\/en\\\/#organization\",\"name\":\"Insta-Pro International\",\"alternateName\":\"Insta-Pro Intl.\",\"url\":\"https:\\\/\\\/insta-pro.spinudev.com\\\/en\\\/\",\"logo\":{\"@type\":\"ImageObject\",\"inLanguage\":\"fr-FR\",\"@id\":\"https:\\\/\\\/insta-pro.spinudev.com\\\/en\\\/#\\\/schema\\\/logo\\\/image\\\/\",\"url\":\"https:\\\/\\\/insta-pro.com\\\/wp-content\\\/uploads\\\/2026\\\/04\\\/512x512.jpg\",\"contentUrl\":\"https:\\\/\\\/insta-pro.com\\\/wp-content\\\/uploads\\\/2026\\\/04\\\/512x512.jpg\",\"width\":512,\"height\":512,\"caption\":\"Insta-Pro International\"},\"image\":{\"@id\":\"https:\\\/\\\/insta-pro.spinudev.com\\\/en\\\/#\\\/schema\\\/logo\\\/image\\\/\"},\"sameAs\":[\"https:\\\/\\\/www.facebook.com\\\/instaprointernational\\\/\",\"https:\\\/\\\/x.com\\\/InstaProInt\",\"https:\\\/\\\/www.linkedin.com\\\/company\\\/insta-pro-international\\\/\",\"https:\\\/\\\/www.youtube.com\\\/@insta-prointernational5033\"],\"email\":\"marketing@insta-pro.com\",\"telephone\":\"+1-515-254-1260\",\"legalName\":\"Insta-Pro International\",\"numberOfEmployees\":{\"@type\":\"QuantitativeValue\",\"minValue\":\"11\",\"maxValue\":\"50\"}}]}<\/script>\n<!-- \/ Yoast SEO Premium plugin. -->","yoast_head_json":{"title":"Pi\u00e8ces de rechange et services pour \u00e9quipements agricoles","description":"Pr\u00e9sents dans le monde entier pour l'exp\u00e9dition express, nous fabriquons des pi\u00e8ces de rechange de qualit\u00e9 pour les \u00e9quipements agricoles pour une longue dur\u00e9e de vie et de meilleures capacit\u00e9s de traitement.","robots":{"index":"index","follow":"follow","max-snippet":"max-snippet:-1","max-image-preview":"max-image-preview:large","max-video-preview":"max-video-preview:-1"},"canonical":"https:\/\/instapro.spinuhost.com\/fr\/pieces-detachees\/","og_locale":"fr_FR","og_type":"article","og_title":"Pi\u00e8ces d\u00e9tach\u00e9es","og_description":"Pr\u00e9sents dans le monde entier pour l'exp\u00e9dition express, nous fabriquons des pi\u00e8ces de rechange de qualit\u00e9 pour les \u00e9quipements agricoles pour une longue dur\u00e9e de vie et de meilleures capacit\u00e9s de traitement.","og_url":"https:\/\/instapro.spinuhost.com\/fr\/pieces-detachees\/","og_site_name":"Insta-Pro","article_publisher":"https:\/\/www.facebook.com\/instaprointernational\/","article_modified_time":"2025-06-26T18:10:37+00:00","og_image":[{"width":720,"height":576,"url":"https:\/\/dnhhw5f4ou41m.cloudfront.net\/wp-content\/uploads\/2022\/08\/parts-header.png","type":"image\/png"}],"twitter_card":"summary_large_image","twitter_site":"@InstaProInt","schema":{"@context":"https:\/\/schema.org","@graph":[{"@type":"WebPage","@id":"https:\/\/instapro.spinuhost.com\/fr\/pieces-detachees\/","url":"https:\/\/instapro.spinuhost.com\/fr\/pieces-detachees\/","name":"Pi\u00e8ces de rechange et services pour \u00e9quipements agricoles","isPartOf":{"@id":"https:\/\/insta-pro.spinudev.com\/en\/#website"},"primaryImageOfPage":{"@id":"https:\/\/instapro.spinuhost.com\/fr\/pieces-detachees\/#primaryimage"},"image":{"@id":"https:\/\/instapro.spinuhost.com\/fr\/pieces-detachees\/#primaryimage"},"thumbnailUrl":"https:\/\/instapro.spinuhost.com\/wp-content\/uploads\/2022\/08\/parts-header.png","datePublished":"2022-01-21T16:08:19+00:00","dateModified":"2025-06-26T18:10:37+00:00","description":"Pr\u00e9sents dans le monde entier pour l'exp\u00e9dition express, nous fabriquons des pi\u00e8ces de rechange de qualit\u00e9 pour les \u00e9quipements agricoles pour une longue dur\u00e9e de vie et de meilleures capacit\u00e9s de traitement.","breadcrumb":{"@id":"https:\/\/instapro.spinuhost.com\/fr\/pieces-detachees\/#breadcrumb"},"inLanguage":"fr-FR","potentialAction":[{"@type":"ReadAction","target":["https:\/\/instapro.spinuhost.com\/fr\/pieces-detachees\/"]}]},{"@type":"ImageObject","inLanguage":"fr-FR","@id":"https:\/\/instapro.spinuhost.com\/fr\/pieces-detachees\/#primaryimage","url":"https:\/\/instapro.spinuhost.com\/wp-content\/uploads\/2022\/08\/parts-header.png","contentUrl":"https:\/\/instapro.spinuhost.com\/wp-content\/uploads\/2022\/08\/parts-header.png","width":720,"height":576,"caption":"Pi\u00e8ces d\u00e9tach\u00e9es d'\u00e9quipement"},{"@type":"BreadcrumbList","@id":"https:\/\/instapro.spinuhost.com\/fr\/pieces-detachees\/#breadcrumb","itemListElement":[{"@type":"ListItem","position":1,"name":"Home","item":"https:\/\/insta-pro.com\/fr\/"},{"@type":"ListItem","position":2,"name":"Pi\u00e8ces d\u00e9tach\u00e9es"}]},{"@type":"WebSite","@id":"https:\/\/insta-pro.spinudev.com\/en\/#website","url":"https:\/\/insta-pro.spinudev.com\/en\/","name":"Insta-Pro","description":"Extrusion Equipment Manufacturer","publisher":{"@id":"https:\/\/insta-pro.spinudev.com\/en\/#organization"},"potentialAction":[{"@type":"SearchAction","target":{"@type":"EntryPoint","urlTemplate":"https:\/\/insta-pro.spinudev.com\/en\/?s={search_term_string}"},"query-input":{"@type":"PropertyValueSpecification","valueRequired":true,"valueName":"search_term_string"}}],"inLanguage":"fr-FR"},{"@type":"Organization","@id":"https:\/\/insta-pro.spinudev.com\/en\/#organization","name":"Insta-Pro International","alternateName":"Insta-Pro Intl.","url":"https:\/\/insta-pro.spinudev.com\/en\/","logo":{"@type":"ImageObject","inLanguage":"fr-FR","@id":"https:\/\/insta-pro.spinudev.com\/en\/#\/schema\/logo\/image\/","url":"https:\/\/insta-pro.com\/wp-content\/uploads\/2026\/04\/512x512.jpg","contentUrl":"https:\/\/insta-pro.com\/wp-content\/uploads\/2026\/04\/512x512.jpg","width":512,"height":512,"caption":"Insta-Pro International"},"image":{"@id":"https:\/\/insta-pro.spinudev.com\/en\/#\/schema\/logo\/image\/"},"sameAs":["https:\/\/www.facebook.com\/instaprointernational\/","https:\/\/x.com\/InstaProInt","https:\/\/www.linkedin.com\/company\/insta-pro-international\/","https:\/\/www.youtube.com\/@insta-prointernational5033"],"email":"marketing@insta-pro.com","telephone":"+1-515-254-1260","legalName":"Insta-Pro International","numberOfEmployees":{"@type":"QuantitativeValue","minValue":"11","maxValue":"50"}}]}},"_links":{"self":[{"href":"https:\/\/instapro.spinuhost.com\/fr\/wp-json\/wp\/v2\/pages\/15758","targetHints":{"allow":["GET"]}}],"collection":[{"href":"https:\/\/instapro.spinuhost.com\/fr\/wp-json\/wp\/v2\/pages"}],"about":[{"href":"https:\/\/instapro.spinuhost.com\/fr\/wp-json\/wp\/v2\/types\/page"}],"author":[{"embeddable":true,"href":"https:\/\/instapro.spinuhost.com\/fr\/wp-json\/wp\/v2\/users\/53"}],"replies":[{"embeddable":true,"href":"https:\/\/instapro.spinuhost.com\/fr\/wp-json\/wp\/v2\/comments?post=15758"}],"version-history":[{"count":3,"href":"https:\/\/instapro.spinuhost.com\/fr\/wp-json\/wp\/v2\/pages\/15758\/revisions"}],"predecessor-version":[{"id":22894,"href":"https:\/\/instapro.spinuhost.com\/fr\/wp-json\/wp\/v2\/pages\/15758\/revisions\/22894"}],"wp:featuredmedia":[{"embeddable":true,"href":"https:\/\/instapro.spinuhost.com\/fr\/wp-json\/wp\/v2\/media\/16802"}],"wp:attachment":[{"href":"https:\/\/instapro.spinuhost.com\/fr\/wp-json\/wp\/v2\/media?parent=15758"}],"curies":[{"name":"wp","href":"https:\/\/api.w.org\/{rel}","templated":true}]}}