{"id":5705,"date":"2015-11-18T15:30:00","date_gmt":"2015-11-18T21:30:00","guid":{"rendered":"https:\/\/www.insta-pro.com\/es\/careers\/"},"modified":"2023-11-15T16:11:02","modified_gmt":"2023-11-15T22:11:02","slug":"careers","status":"publish","type":"page","link":"https:\/\/instapro.spinuhost.com\/es\/careers\/","title":{"rendered":"Trabajo"},"content":{"rendered":"","protected":false},"excerpt":{"rendered":"","protected":false},"author":2,"featured_media":19765,"parent":0,"menu_order":0,"comment_status":"closed","ping_status":"closed","template":"","meta":{"_acf_changed":false,"footnotes":""},"class_list":["post-5705","page","type-page","status-publish","has-post-thumbnail","hentry"],"acf":[],"yoast_head":"<!-- This site is optimized with the Yoast SEO Premium plugin v26.2 (Yoast SEO v27.3) - https:\/\/yoast.com\/product\/yoast-seo-premium-wordpress\/ -->\n<title>Posiciones en Tecnolog\u00edas Agropecuarias de Insta-Pro International<\/title>\n<meta name=\"description\" content=\"\u00bfDesea un trabajo con el l\u00edder mundial en la fabricaci\u00f3n de equipos agr\u00edcolas? \u00a1\u00danase hoy al equipo de Insta-Pro International!\" \/>\n<meta name=\"robots\" content=\"index, follow, max-snippet:-1, max-image-preview:large, max-video-preview:-1\" \/>\n<link rel=\"canonical\" href=\"https:\/\/instapro.spinuhost.com\/es\/careers\/\" \/>\n<meta property=\"og:locale\" content=\"es_ES\" \/>\n<meta property=\"og:type\" content=\"article\" \/>\n<meta property=\"og:title\" content=\"Trabajo\" \/>\n<meta property=\"og:description\" content=\"\u00bfDesea un trabajo con el l\u00edder mundial en la fabricaci\u00f3n de equipos agr\u00edcolas? \u00a1\u00danase hoy al equipo de Insta-Pro International!\" \/>\n<meta property=\"og:url\" content=\"https:\/\/instapro.spinuhost.com\/es\/careers\/\" \/>\n<meta property=\"og:site_name\" content=\"Insta-Pro\" \/>\n<meta property=\"article:publisher\" content=\"https:\/\/www.facebook.com\/instaprointernational\/\" \/>\n<meta property=\"article:modified_time\" content=\"2023-11-15T22:11:02+00:00\" \/>\n<meta property=\"og:image\" content=\"https:\/\/dnhhw5f4ou41m.cloudfront.net\/wp-content\/uploads\/2023\/10\/2-InstaProTeamPhoto2023byRitaClark-1024x683.jpg\" \/>\n\t<meta property=\"og:image:width\" content=\"1024\" \/>\n\t<meta property=\"og:image:height\" content=\"683\" \/>\n\t<meta property=\"og:image:type\" content=\"image\/jpeg\" \/>\n<meta name=\"twitter:card\" content=\"summary_large_image\" \/>\n<meta name=\"twitter:site\" content=\"@InstaProInt\" \/>\n<script type=\"application\/ld+json\" class=\"yoast-schema-graph\">{\"@context\":\"https:\\\/\\\/schema.org\",\"@graph\":[{\"@type\":\"WebPage\",\"@id\":\"https:\\\/\\\/instapro.spinuhost.com\\\/es\\\/careers\\\/\",\"url\":\"https:\\\/\\\/instapro.spinuhost.com\\\/es\\\/careers\\\/\",\"name\":\"Posiciones en Tecnolog\u00edas Agropecuarias de Insta-Pro International\",\"isPartOf\":{\"@id\":\"https:\\\/\\\/insta-pro.spinudev.com\\\/en\\\/#website\"},\"primaryImageOfPage\":{\"@id\":\"https:\\\/\\\/instapro.spinuhost.com\\\/es\\\/careers\\\/#primaryimage\"},\"image\":{\"@id\":\"https:\\\/\\\/instapro.spinuhost.com\\\/es\\\/careers\\\/#primaryimage\"},\"thumbnailUrl\":\"https:\\\/\\\/instapro.spinuhost.com\\\/wp-content\\\/uploads\\\/2023\\\/10\\\/2-InstaProTeamPhoto2023byRitaClark-e1722975512461.jpg\",\"datePublished\":\"2015-11-18T21:30:00+00:00\",\"dateModified\":\"2023-11-15T22:11:02+00:00\",\"description\":\"\u00bfDesea un trabajo con el l\u00edder mundial en la fabricaci\u00f3n de equipos agr\u00edcolas? \u00a1\u00danase hoy al equipo de Insta-Pro International!\",\"breadcrumb\":{\"@id\":\"https:\\\/\\\/instapro.spinuhost.com\\\/es\\\/careers\\\/#breadcrumb\"},\"inLanguage\":\"es\",\"potentialAction\":[{\"@type\":\"ReadAction\",\"target\":[\"https:\\\/\\\/instapro.spinuhost.com\\\/es\\\/careers\\\/\"]}]},{\"@type\":\"ImageObject\",\"inLanguage\":\"es\",\"@id\":\"https:\\\/\\\/instapro.spinuhost.com\\\/es\\\/careers\\\/#primaryimage\",\"url\":\"https:\\\/\\\/instapro.spinuhost.com\\\/wp-content\\\/uploads\\\/2023\\\/10\\\/2-InstaProTeamPhoto2023byRitaClark-e1722975512461.jpg\",\"contentUrl\":\"https:\\\/\\\/instapro.spinuhost.com\\\/wp-content\\\/uploads\\\/2023\\\/10\\\/2-InstaProTeamPhoto2023byRitaClark-e1722975512461.jpg\",\"width\":7932,\"height\":5291},{\"@type\":\"BreadcrumbList\",\"@id\":\"https:\\\/\\\/instapro.spinuhost.com\\\/es\\\/careers\\\/#breadcrumb\",\"itemListElement\":[{\"@type\":\"ListItem\",\"position\":1,\"name\":\"Home\",\"item\":\"https:\\\/\\\/insta-pro.com\\\/es\\\/\"},{\"@type\":\"ListItem\",\"position\":2,\"name\":\"Trabajo\"}]},{\"@type\":\"WebSite\",\"@id\":\"https:\\\/\\\/insta-pro.spinudev.com\\\/en\\\/#website\",\"url\":\"https:\\\/\\\/insta-pro.spinudev.com\\\/en\\\/\",\"name\":\"Insta-Pro\",\"description\":\"Extrusion Equipment Manufacturer\",\"publisher\":{\"@id\":\"https:\\\/\\\/insta-pro.spinudev.com\\\/en\\\/#organization\"},\"potentialAction\":[{\"@type\":\"SearchAction\",\"target\":{\"@type\":\"EntryPoint\",\"urlTemplate\":\"https:\\\/\\\/insta-pro.spinudev.com\\\/en\\\/?s={search_term_string}\"},\"query-input\":{\"@type\":\"PropertyValueSpecification\",\"valueRequired\":true,\"valueName\":\"search_term_string\"}}],\"inLanguage\":\"es\"},{\"@type\":\"Organization\",\"@id\":\"https:\\\/\\\/insta-pro.spinudev.com\\\/en\\\/#organization\",\"name\":\"Insta-Pro International\",\"alternateName\":\"Insta-Pro Intl.\",\"url\":\"https:\\\/\\\/insta-pro.spinudev.com\\\/en\\\/\",\"logo\":{\"@type\":\"ImageObject\",\"inLanguage\":\"es\",\"@id\":\"https:\\\/\\\/insta-pro.spinudev.com\\\/en\\\/#\\\/schema\\\/logo\\\/image\\\/\",\"url\":\"https:\\\/\\\/insta-pro.com\\\/wp-content\\\/uploads\\\/2026\\\/04\\\/512x512.jpg\",\"contentUrl\":\"https:\\\/\\\/insta-pro.com\\\/wp-content\\\/uploads\\\/2026\\\/04\\\/512x512.jpg\",\"width\":512,\"height\":512,\"caption\":\"Insta-Pro International\"},\"image\":{\"@id\":\"https:\\\/\\\/insta-pro.spinudev.com\\\/en\\\/#\\\/schema\\\/logo\\\/image\\\/\"},\"sameAs\":[\"https:\\\/\\\/www.facebook.com\\\/instaprointernational\\\/\",\"https:\\\/\\\/x.com\\\/InstaProInt\",\"https:\\\/\\\/www.linkedin.com\\\/company\\\/insta-pro-international\\\/\",\"https:\\\/\\\/www.youtube.com\\\/@insta-prointernational5033\"],\"email\":\"marketing@insta-pro.com\",\"telephone\":\"+1-515-254-1260\",\"legalName\":\"Insta-Pro International\",\"numberOfEmployees\":{\"@type\":\"QuantitativeValue\",\"minValue\":\"11\",\"maxValue\":\"50\"}}]}<\/script>\n<!-- \/ Yoast SEO Premium plugin. -->","yoast_head_json":{"title":"Posiciones en Tecnolog\u00edas Agropecuarias de Insta-Pro International","description":"\u00bfDesea un trabajo con el l\u00edder mundial en la fabricaci\u00f3n de equipos agr\u00edcolas? \u00a1\u00danase hoy al equipo de Insta-Pro International!","robots":{"index":"index","follow":"follow","max-snippet":"max-snippet:-1","max-image-preview":"max-image-preview:large","max-video-preview":"max-video-preview:-1"},"canonical":"https:\/\/instapro.spinuhost.com\/es\/careers\/","og_locale":"es_ES","og_type":"article","og_title":"Trabajo","og_description":"\u00bfDesea un trabajo con el l\u00edder mundial en la fabricaci\u00f3n de equipos agr\u00edcolas? \u00a1\u00danase hoy al equipo de Insta-Pro International!","og_url":"https:\/\/instapro.spinuhost.com\/es\/careers\/","og_site_name":"Insta-Pro","article_publisher":"https:\/\/www.facebook.com\/instaprointernational\/","article_modified_time":"2023-11-15T22:11:02+00:00","og_image":[{"width":1024,"height":683,"url":"https:\/\/dnhhw5f4ou41m.cloudfront.net\/wp-content\/uploads\/2023\/10\/2-InstaProTeamPhoto2023byRitaClark-1024x683.jpg","type":"image\/jpeg"}],"twitter_card":"summary_large_image","twitter_site":"@InstaProInt","schema":{"@context":"https:\/\/schema.org","@graph":[{"@type":"WebPage","@id":"https:\/\/instapro.spinuhost.com\/es\/careers\/","url":"https:\/\/instapro.spinuhost.com\/es\/careers\/","name":"Posiciones en Tecnolog\u00edas Agropecuarias de Insta-Pro International","isPartOf":{"@id":"https:\/\/insta-pro.spinudev.com\/en\/#website"},"primaryImageOfPage":{"@id":"https:\/\/instapro.spinuhost.com\/es\/careers\/#primaryimage"},"image":{"@id":"https:\/\/instapro.spinuhost.com\/es\/careers\/#primaryimage"},"thumbnailUrl":"https:\/\/instapro.spinuhost.com\/wp-content\/uploads\/2023\/10\/2-InstaProTeamPhoto2023byRitaClark-e1722975512461.jpg","datePublished":"2015-11-18T21:30:00+00:00","dateModified":"2023-11-15T22:11:02+00:00","description":"\u00bfDesea un trabajo con el l\u00edder mundial en la fabricaci\u00f3n de equipos agr\u00edcolas? \u00a1\u00danase hoy al equipo de Insta-Pro International!","breadcrumb":{"@id":"https:\/\/instapro.spinuhost.com\/es\/careers\/#breadcrumb"},"inLanguage":"es","potentialAction":[{"@type":"ReadAction","target":["https:\/\/instapro.spinuhost.com\/es\/careers\/"]}]},{"@type":"ImageObject","inLanguage":"es","@id":"https:\/\/instapro.spinuhost.com\/es\/careers\/#primaryimage","url":"https:\/\/instapro.spinuhost.com\/wp-content\/uploads\/2023\/10\/2-InstaProTeamPhoto2023byRitaClark-e1722975512461.jpg","contentUrl":"https:\/\/instapro.spinuhost.com\/wp-content\/uploads\/2023\/10\/2-InstaProTeamPhoto2023byRitaClark-e1722975512461.jpg","width":7932,"height":5291},{"@type":"BreadcrumbList","@id":"https:\/\/instapro.spinuhost.com\/es\/careers\/#breadcrumb","itemListElement":[{"@type":"ListItem","position":1,"name":"Home","item":"https:\/\/insta-pro.com\/es\/"},{"@type":"ListItem","position":2,"name":"Trabajo"}]},{"@type":"WebSite","@id":"https:\/\/insta-pro.spinudev.com\/en\/#website","url":"https:\/\/insta-pro.spinudev.com\/en\/","name":"Insta-Pro","description":"Extrusion Equipment Manufacturer","publisher":{"@id":"https:\/\/insta-pro.spinudev.com\/en\/#organization"},"potentialAction":[{"@type":"SearchAction","target":{"@type":"EntryPoint","urlTemplate":"https:\/\/insta-pro.spinudev.com\/en\/?s={search_term_string}"},"query-input":{"@type":"PropertyValueSpecification","valueRequired":true,"valueName":"search_term_string"}}],"inLanguage":"es"},{"@type":"Organization","@id":"https:\/\/insta-pro.spinudev.com\/en\/#organization","name":"Insta-Pro International","alternateName":"Insta-Pro Intl.","url":"https:\/\/insta-pro.spinudev.com\/en\/","logo":{"@type":"ImageObject","inLanguage":"es","@id":"https:\/\/insta-pro.spinudev.com\/en\/#\/schema\/logo\/image\/","url":"https:\/\/insta-pro.com\/wp-content\/uploads\/2026\/04\/512x512.jpg","contentUrl":"https:\/\/insta-pro.com\/wp-content\/uploads\/2026\/04\/512x512.jpg","width":512,"height":512,"caption":"Insta-Pro International"},"image":{"@id":"https:\/\/insta-pro.spinudev.com\/en\/#\/schema\/logo\/image\/"},"sameAs":["https:\/\/www.facebook.com\/instaprointernational\/","https:\/\/x.com\/InstaProInt","https:\/\/www.linkedin.com\/company\/insta-pro-international\/","https:\/\/www.youtube.com\/@insta-prointernational5033"],"email":"marketing@insta-pro.com","telephone":"+1-515-254-1260","legalName":"Insta-Pro International","numberOfEmployees":{"@type":"QuantitativeValue","minValue":"11","maxValue":"50"}}]}},"_links":{"self":[{"href":"https:\/\/instapro.spinuhost.com\/es\/wp-json\/wp\/v2\/pages\/5705","targetHints":{"allow":["GET"]}}],"collection":[{"href":"https:\/\/instapro.spinuhost.com\/es\/wp-json\/wp\/v2\/pages"}],"about":[{"href":"https:\/\/instapro.spinuhost.com\/es\/wp-json\/wp\/v2\/types\/page"}],"author":[{"embeddable":true,"href":"https:\/\/instapro.spinuhost.com\/es\/wp-json\/wp\/v2\/users\/2"}],"replies":[{"embeddable":true,"href":"https:\/\/instapro.spinuhost.com\/es\/wp-json\/wp\/v2\/comments?post=5705"}],"version-history":[{"count":1,"href":"https:\/\/instapro.spinuhost.com\/es\/wp-json\/wp\/v2\/pages\/5705\/revisions"}],"predecessor-version":[{"id":19964,"href":"https:\/\/instapro.spinuhost.com\/es\/wp-json\/wp\/v2\/pages\/5705\/revisions\/19964"}],"wp:featuredmedia":[{"embeddable":true,"href":"https:\/\/instapro.spinuhost.com\/es\/wp-json\/wp\/v2\/media\/19765"}],"wp:attachment":[{"href":"https:\/\/instapro.spinuhost.com\/es\/wp-json\/wp\/v2\/media?parent=5705"}],"curies":[{"name":"wp","href":"https:\/\/api.w.org\/{rel}","templated":true}]}}