{"id":20089,"date":"2024-03-14T13:30:37","date_gmt":"2024-03-14T18:30:37","guid":{"rendered":"https:\/\/www.insta-pro.com\/?page_id=20089"},"modified":"2024-06-27T21:51:24","modified_gmt":"2024-06-28T02:51:24","slug":"ingredientes-de-soya-extruida","status":"publish","type":"page","link":"https:\/\/instapro.spinuhost.com\/es\/ingredientes-de-soya-extruida\/","title":{"rendered":"Ingredientes de soya extruida"},"content":{"rendered":"","protected":false},"excerpt":{"rendered":"","protected":false},"author":54,"featured_media":20793,"parent":0,"menu_order":0,"comment_status":"closed","ping_status":"closed","template":"","meta":{"_acf_changed":false,"footnotes":""},"class_list":["post-20089","page","type-page","status-publish","has-post-thumbnail","hentry"],"acf":[],"yoast_head":"<!-- This site is optimized with the Yoast SEO Premium plugin v26.2 (Yoast SEO v27.3) - https:\/\/yoast.com\/product\/yoast-seo-premium-wordpress\/ -->\n<title>Tecnolog\u00edas de procesamiento de alimentos y piensos sin sustancias qu\u00edmicas<\/title>\n<meta name=\"description\" content=\"La tecnolog\u00eda patentada Insta-Pro mejora el procesamiento de semillas oleaginosas sin sustancias qu\u00edmicas para piensos y alimentos con un equipo ejemplar.\" \/>\n<meta name=\"robots\" content=\"index, follow, max-snippet:-1, max-image-preview:large, max-video-preview:-1\" \/>\n<link rel=\"canonical\" href=\"https:\/\/instapro.spinuhost.com\/es\/ingredientes-de-soya-extruida\/\" \/>\n<meta property=\"og:locale\" content=\"es_ES\" \/>\n<meta property=\"og:type\" content=\"article\" \/>\n<meta property=\"og:title\" content=\"Ingredientes de soya extruida\" \/>\n<meta property=\"og:description\" content=\"La tecnolog\u00eda patentada Insta-Pro mejora el procesamiento de semillas oleaginosas sin sustancias qu\u00edmicas para piensos y alimentos con un equipo ejemplar.\" \/>\n<meta property=\"og:url\" content=\"https:\/\/instapro.spinuhost.com\/es\/ingredientes-de-soya-extruida\/\" \/>\n<meta property=\"og:site_name\" content=\"Insta-Pro\" \/>\n<meta property=\"article:publisher\" content=\"https:\/\/www.facebook.com\/instaprointernational\/\" \/>\n<meta property=\"article:modified_time\" content=\"2024-06-28T02:51:24+00:00\" \/>\n<meta property=\"og:image\" content=\"https:\/\/www.insta-pro.com\/wp-content\/uploads\/2024\/06\/20220608091341JLM_8840-1024x683.jpg\" \/>\n\t<meta property=\"og:image:width\" content=\"1024\" \/>\n\t<meta property=\"og:image:height\" content=\"683\" \/>\n\t<meta property=\"og:image:type\" content=\"image\/jpeg\" \/>\n<meta name=\"twitter:card\" content=\"summary_large_image\" \/>\n<meta name=\"twitter:site\" content=\"@InstaProInt\" \/>\n<script type=\"application\/ld+json\" class=\"yoast-schema-graph\">{\"@context\":\"https:\\\/\\\/schema.org\",\"@graph\":[{\"@type\":\"WebPage\",\"@id\":\"https:\\\/\\\/instapro.spinuhost.com\\\/es\\\/ingredientes-de-soya-extruida\\\/\",\"url\":\"https:\\\/\\\/instapro.spinuhost.com\\\/es\\\/ingredientes-de-soya-extruida\\\/\",\"name\":\"Tecnolog\u00edas de procesamiento de alimentos y piensos sin sustancias qu\u00edmicas\",\"isPartOf\":{\"@id\":\"https:\\\/\\\/insta-pro.spinudev.com\\\/en\\\/#website\"},\"primaryImageOfPage\":{\"@id\":\"https:\\\/\\\/instapro.spinuhost.com\\\/es\\\/ingredientes-de-soya-extruida\\\/#primaryimage\"},\"image\":{\"@id\":\"https:\\\/\\\/instapro.spinuhost.com\\\/es\\\/ingredientes-de-soya-extruida\\\/#primaryimage\"},\"thumbnailUrl\":\"https:\\\/\\\/instapro.spinuhost.com\\\/wp-content\\\/uploads\\\/2024\\\/06\\\/20220608091341JLM_8840-e1719434495666.jpg\",\"datePublished\":\"2024-03-14T18:30:37+00:00\",\"dateModified\":\"2024-06-28T02:51:24+00:00\",\"description\":\"La tecnolog\u00eda patentada Insta-Pro mejora el procesamiento de semillas oleaginosas sin sustancias qu\u00edmicas para piensos y alimentos con un equipo ejemplar.\",\"breadcrumb\":{\"@id\":\"https:\\\/\\\/instapro.spinuhost.com\\\/es\\\/ingredientes-de-soya-extruida\\\/#breadcrumb\"},\"inLanguage\":\"es\",\"potentialAction\":[{\"@type\":\"ReadAction\",\"target\":[\"https:\\\/\\\/instapro.spinuhost.com\\\/es\\\/ingredientes-de-soya-extruida\\\/\"]}]},{\"@type\":\"ImageObject\",\"inLanguage\":\"es\",\"@id\":\"https:\\\/\\\/instapro.spinuhost.com\\\/es\\\/ingredientes-de-soya-extruida\\\/#primaryimage\",\"url\":\"https:\\\/\\\/instapro.spinuhost.com\\\/wp-content\\\/uploads\\\/2024\\\/06\\\/20220608091341JLM_8840-e1719434495666.jpg\",\"contentUrl\":\"https:\\\/\\\/instapro.spinuhost.com\\\/wp-content\\\/uploads\\\/2024\\\/06\\\/20220608091341JLM_8840-e1719434495666.jpg\",\"width\":8256,\"height\":5504},{\"@type\":\"BreadcrumbList\",\"@id\":\"https:\\\/\\\/instapro.spinuhost.com\\\/es\\\/ingredientes-de-soya-extruida\\\/#breadcrumb\",\"itemListElement\":[{\"@type\":\"ListItem\",\"position\":1,\"name\":\"Home\",\"item\":\"https:\\\/\\\/insta-pro.com\\\/es\\\/\"},{\"@type\":\"ListItem\",\"position\":2,\"name\":\"Ingredientes de soya extruida\"}]},{\"@type\":\"WebSite\",\"@id\":\"https:\\\/\\\/insta-pro.spinudev.com\\\/en\\\/#website\",\"url\":\"https:\\\/\\\/insta-pro.spinudev.com\\\/en\\\/\",\"name\":\"Insta-Pro\",\"description\":\"Extrusion Equipment Manufacturer\",\"publisher\":{\"@id\":\"https:\\\/\\\/insta-pro.spinudev.com\\\/en\\\/#organization\"},\"potentialAction\":[{\"@type\":\"SearchAction\",\"target\":{\"@type\":\"EntryPoint\",\"urlTemplate\":\"https:\\\/\\\/insta-pro.spinudev.com\\\/en\\\/?s={search_term_string}\"},\"query-input\":{\"@type\":\"PropertyValueSpecification\",\"valueRequired\":true,\"valueName\":\"search_term_string\"}}],\"inLanguage\":\"es\"},{\"@type\":\"Organization\",\"@id\":\"https:\\\/\\\/insta-pro.spinudev.com\\\/en\\\/#organization\",\"name\":\"Insta-Pro International\",\"alternateName\":\"Insta-Pro Intl.\",\"url\":\"https:\\\/\\\/insta-pro.spinudev.com\\\/en\\\/\",\"logo\":{\"@type\":\"ImageObject\",\"inLanguage\":\"es\",\"@id\":\"https:\\\/\\\/insta-pro.spinudev.com\\\/en\\\/#\\\/schema\\\/logo\\\/image\\\/\",\"url\":\"https:\\\/\\\/insta-pro.com\\\/wp-content\\\/uploads\\\/2026\\\/04\\\/512x512.jpg\",\"contentUrl\":\"https:\\\/\\\/insta-pro.com\\\/wp-content\\\/uploads\\\/2026\\\/04\\\/512x512.jpg\",\"width\":512,\"height\":512,\"caption\":\"Insta-Pro International\"},\"image\":{\"@id\":\"https:\\\/\\\/insta-pro.spinudev.com\\\/en\\\/#\\\/schema\\\/logo\\\/image\\\/\"},\"sameAs\":[\"https:\\\/\\\/www.facebook.com\\\/instaprointernational\\\/\",\"https:\\\/\\\/x.com\\\/InstaProInt\",\"https:\\\/\\\/www.linkedin.com\\\/company\\\/insta-pro-international\\\/\",\"https:\\\/\\\/www.youtube.com\\\/@insta-prointernational5033\"],\"email\":\"marketing@insta-pro.com\",\"telephone\":\"+1-515-254-1260\",\"legalName\":\"Insta-Pro International\",\"numberOfEmployees\":{\"@type\":\"QuantitativeValue\",\"minValue\":\"11\",\"maxValue\":\"50\"}}]}<\/script>\n<!-- \/ Yoast SEO Premium plugin. -->","yoast_head_json":{"title":"Tecnolog\u00edas de procesamiento de alimentos y piensos sin sustancias qu\u00edmicas","description":"La tecnolog\u00eda patentada Insta-Pro mejora el procesamiento de semillas oleaginosas sin sustancias qu\u00edmicas para piensos y alimentos con un equipo ejemplar.","robots":{"index":"index","follow":"follow","max-snippet":"max-snippet:-1","max-image-preview":"max-image-preview:large","max-video-preview":"max-video-preview:-1"},"canonical":"https:\/\/instapro.spinuhost.com\/es\/ingredientes-de-soya-extruida\/","og_locale":"es_ES","og_type":"article","og_title":"Ingredientes de soya extruida","og_description":"La tecnolog\u00eda patentada Insta-Pro mejora el procesamiento de semillas oleaginosas sin sustancias qu\u00edmicas para piensos y alimentos con un equipo ejemplar.","og_url":"https:\/\/instapro.spinuhost.com\/es\/ingredientes-de-soya-extruida\/","og_site_name":"Insta-Pro","article_publisher":"https:\/\/www.facebook.com\/instaprointernational\/","article_modified_time":"2024-06-28T02:51:24+00:00","og_image":[{"width":1024,"height":683,"url":"https:\/\/www.insta-pro.com\/wp-content\/uploads\/2024\/06\/20220608091341JLM_8840-1024x683.jpg","type":"image\/jpeg"}],"twitter_card":"summary_large_image","twitter_site":"@InstaProInt","schema":{"@context":"https:\/\/schema.org","@graph":[{"@type":"WebPage","@id":"https:\/\/instapro.spinuhost.com\/es\/ingredientes-de-soya-extruida\/","url":"https:\/\/instapro.spinuhost.com\/es\/ingredientes-de-soya-extruida\/","name":"Tecnolog\u00edas de procesamiento de alimentos y piensos sin sustancias qu\u00edmicas","isPartOf":{"@id":"https:\/\/insta-pro.spinudev.com\/en\/#website"},"primaryImageOfPage":{"@id":"https:\/\/instapro.spinuhost.com\/es\/ingredientes-de-soya-extruida\/#primaryimage"},"image":{"@id":"https:\/\/instapro.spinuhost.com\/es\/ingredientes-de-soya-extruida\/#primaryimage"},"thumbnailUrl":"https:\/\/instapro.spinuhost.com\/wp-content\/uploads\/2024\/06\/20220608091341JLM_8840-e1719434495666.jpg","datePublished":"2024-03-14T18:30:37+00:00","dateModified":"2024-06-28T02:51:24+00:00","description":"La tecnolog\u00eda patentada Insta-Pro mejora el procesamiento de semillas oleaginosas sin sustancias qu\u00edmicas para piensos y alimentos con un equipo ejemplar.","breadcrumb":{"@id":"https:\/\/instapro.spinuhost.com\/es\/ingredientes-de-soya-extruida\/#breadcrumb"},"inLanguage":"es","potentialAction":[{"@type":"ReadAction","target":["https:\/\/instapro.spinuhost.com\/es\/ingredientes-de-soya-extruida\/"]}]},{"@type":"ImageObject","inLanguage":"es","@id":"https:\/\/instapro.spinuhost.com\/es\/ingredientes-de-soya-extruida\/#primaryimage","url":"https:\/\/instapro.spinuhost.com\/wp-content\/uploads\/2024\/06\/20220608091341JLM_8840-e1719434495666.jpg","contentUrl":"https:\/\/instapro.spinuhost.com\/wp-content\/uploads\/2024\/06\/20220608091341JLM_8840-e1719434495666.jpg","width":8256,"height":5504},{"@type":"BreadcrumbList","@id":"https:\/\/instapro.spinuhost.com\/es\/ingredientes-de-soya-extruida\/#breadcrumb","itemListElement":[{"@type":"ListItem","position":1,"name":"Home","item":"https:\/\/insta-pro.com\/es\/"},{"@type":"ListItem","position":2,"name":"Ingredientes de soya extruida"}]},{"@type":"WebSite","@id":"https:\/\/insta-pro.spinudev.com\/en\/#website","url":"https:\/\/insta-pro.spinudev.com\/en\/","name":"Insta-Pro","description":"Extrusion Equipment Manufacturer","publisher":{"@id":"https:\/\/insta-pro.spinudev.com\/en\/#organization"},"potentialAction":[{"@type":"SearchAction","target":{"@type":"EntryPoint","urlTemplate":"https:\/\/insta-pro.spinudev.com\/en\/?s={search_term_string}"},"query-input":{"@type":"PropertyValueSpecification","valueRequired":true,"valueName":"search_term_string"}}],"inLanguage":"es"},{"@type":"Organization","@id":"https:\/\/insta-pro.spinudev.com\/en\/#organization","name":"Insta-Pro International","alternateName":"Insta-Pro Intl.","url":"https:\/\/insta-pro.spinudev.com\/en\/","logo":{"@type":"ImageObject","inLanguage":"es","@id":"https:\/\/insta-pro.spinudev.com\/en\/#\/schema\/logo\/image\/","url":"https:\/\/insta-pro.com\/wp-content\/uploads\/2026\/04\/512x512.jpg","contentUrl":"https:\/\/insta-pro.com\/wp-content\/uploads\/2026\/04\/512x512.jpg","width":512,"height":512,"caption":"Insta-Pro International"},"image":{"@id":"https:\/\/insta-pro.spinudev.com\/en\/#\/schema\/logo\/image\/"},"sameAs":["https:\/\/www.facebook.com\/instaprointernational\/","https:\/\/x.com\/InstaProInt","https:\/\/www.linkedin.com\/company\/insta-pro-international\/","https:\/\/www.youtube.com\/@insta-prointernational5033"],"email":"marketing@insta-pro.com","telephone":"+1-515-254-1260","legalName":"Insta-Pro International","numberOfEmployees":{"@type":"QuantitativeValue","minValue":"11","maxValue":"50"}}]}},"_links":{"self":[{"href":"https:\/\/instapro.spinuhost.com\/es\/wp-json\/wp\/v2\/pages\/20089","targetHints":{"allow":["GET"]}}],"collection":[{"href":"https:\/\/instapro.spinuhost.com\/es\/wp-json\/wp\/v2\/pages"}],"about":[{"href":"https:\/\/instapro.spinuhost.com\/es\/wp-json\/wp\/v2\/types\/page"}],"author":[{"embeddable":true,"href":"https:\/\/instapro.spinuhost.com\/es\/wp-json\/wp\/v2\/users\/54"}],"replies":[{"embeddable":true,"href":"https:\/\/instapro.spinuhost.com\/es\/wp-json\/wp\/v2\/comments?post=20089"}],"version-history":[{"count":10,"href":"https:\/\/instapro.spinuhost.com\/es\/wp-json\/wp\/v2\/pages\/20089\/revisions"}],"predecessor-version":[{"id":20865,"href":"https:\/\/instapro.spinuhost.com\/es\/wp-json\/wp\/v2\/pages\/20089\/revisions\/20865"}],"wp:featuredmedia":[{"embeddable":true,"href":"https:\/\/instapro.spinuhost.com\/es\/wp-json\/wp\/v2\/media\/20793"}],"wp:attachment":[{"href":"https:\/\/instapro.spinuhost.com\/es\/wp-json\/wp\/v2\/media?parent=20089"}],"curies":[{"name":"wp","href":"https:\/\/api.w.org\/{rel}","templated":true}]}}