{"id":15791,"date":"2022-01-21T10:58:44","date_gmt":"2022-01-21T16:58:44","guid":{"rendered":"https:\/\/www.insta-pro.com\/?page_id=15791"},"modified":"2022-11-14T10:51:19","modified_gmt":"2022-11-14T16:51:19","slug":"atencion-al-cliente","status":"publish","type":"page","link":"https:\/\/instapro.spinuhost.com\/es\/atencion-al-cliente\/","title":{"rendered":"Atenci\u00f3n al cliente"},"content":{"rendered":"","protected":false},"excerpt":{"rendered":"","protected":false},"author":53,"featured_media":16846,"parent":0,"menu_order":0,"comment_status":"closed","ping_status":"closed","template":"","meta":{"_acf_changed":false,"footnotes":""},"class_list":["post-15791","page","type-page","status-publish","has-post-thumbnail","hentry"],"acf":[],"yoast_head":"<!-- This site is optimized with the Yoast SEO Premium plugin v26.2 (Yoast SEO v27.3) - https:\/\/yoast.com\/product\/yoast-seo-premium-wordpress\/ -->\n<title>Atenci\u00f3n al cliente de equipos agr\u00edcolas<\/title>\n<meta name=\"description\" content=\"El equipo experto de servicio al cliente de Insta-Pro lo ayuda a aprovechar al m\u00e1ximo nuestros equipos mediante pruebas, consultas, instalaci\u00f3n y m\u00e1s.\" \/>\n<meta name=\"robots\" content=\"index, follow, max-snippet:-1, max-image-preview:large, max-video-preview:-1\" \/>\n<link rel=\"canonical\" href=\"https:\/\/instapro.spinuhost.com\/es\/atencion-al-cliente\/\" \/>\n<meta property=\"og:locale\" content=\"es_ES\" \/>\n<meta property=\"og:type\" content=\"article\" \/>\n<meta property=\"og:title\" content=\"Atenci\u00f3n al cliente\" \/>\n<meta property=\"og:description\" content=\"El equipo experto de servicio al cliente de Insta-Pro lo ayuda a aprovechar al m\u00e1ximo nuestros equipos mediante pruebas, consultas, instalaci\u00f3n y m\u00e1s.\" \/>\n<meta property=\"og:url\" content=\"https:\/\/instapro.spinuhost.com\/es\/atencion-al-cliente\/\" \/>\n<meta property=\"og:site_name\" content=\"Insta-Pro\" \/>\n<meta property=\"article:publisher\" content=\"https:\/\/www.facebook.com\/instaprointernational\/\" \/>\n<meta property=\"article:modified_time\" content=\"2022-11-14T16:51:19+00:00\" \/>\n<meta property=\"og:image\" content=\"https:\/\/dnhhw5f4ou41m.cloudfront.net\/wp-content\/uploads\/2022\/08\/customersupportfeature-scaled.jpg\" \/>\n\t<meta property=\"og:image:width\" content=\"2560\" \/>\n\t<meta property=\"og:image:height\" content=\"1920\" \/>\n\t<meta property=\"og:image:type\" content=\"image\/jpeg\" \/>\n<meta name=\"twitter:card\" content=\"summary_large_image\" \/>\n<meta name=\"twitter:site\" content=\"@InstaProInt\" \/>\n<script type=\"application\/ld+json\" class=\"yoast-schema-graph\">{\"@context\":\"https:\\\/\\\/schema.org\",\"@graph\":[{\"@type\":\"WebPage\",\"@id\":\"https:\\\/\\\/instapro.spinuhost.com\\\/es\\\/atencion-al-cliente\\\/\",\"url\":\"https:\\\/\\\/instapro.spinuhost.com\\\/es\\\/atencion-al-cliente\\\/\",\"name\":\"Atenci\u00f3n al cliente de equipos agr\u00edcolas\",\"isPartOf\":{\"@id\":\"https:\\\/\\\/insta-pro.spinudev.com\\\/en\\\/#website\"},\"primaryImageOfPage\":{\"@id\":\"https:\\\/\\\/instapro.spinuhost.com\\\/es\\\/atencion-al-cliente\\\/#primaryimage\"},\"image\":{\"@id\":\"https:\\\/\\\/instapro.spinuhost.com\\\/es\\\/atencion-al-cliente\\\/#primaryimage\"},\"thumbnailUrl\":\"https:\\\/\\\/instapro.spinuhost.com\\\/wp-content\\\/uploads\\\/2022\\\/08\\\/customersupportfeature-scaled.jpg\",\"datePublished\":\"2022-01-21T16:58:44+00:00\",\"dateModified\":\"2022-11-14T16:51:19+00:00\",\"description\":\"El equipo experto de servicio al cliente de Insta-Pro lo ayuda a aprovechar al m\u00e1ximo nuestros equipos mediante pruebas, consultas, instalaci\u00f3n y m\u00e1s.\",\"breadcrumb\":{\"@id\":\"https:\\\/\\\/instapro.spinuhost.com\\\/es\\\/atencion-al-cliente\\\/#breadcrumb\"},\"inLanguage\":\"es\",\"potentialAction\":[{\"@type\":\"ReadAction\",\"target\":[\"https:\\\/\\\/instapro.spinuhost.com\\\/es\\\/atencion-al-cliente\\\/\"]}]},{\"@type\":\"ImageObject\",\"inLanguage\":\"es\",\"@id\":\"https:\\\/\\\/instapro.spinuhost.com\\\/es\\\/atencion-al-cliente\\\/#primaryimage\",\"url\":\"https:\\\/\\\/instapro.spinuhost.com\\\/wp-content\\\/uploads\\\/2022\\\/08\\\/customersupportfeature-scaled.jpg\",\"contentUrl\":\"https:\\\/\\\/instapro.spinuhost.com\\\/wp-content\\\/uploads\\\/2022\\\/08\\\/customersupportfeature-scaled.jpg\",\"width\":2560,\"height\":1920,\"caption\":\"C\u00c1MARA DIGITAL OLYMPUS\"},{\"@type\":\"BreadcrumbList\",\"@id\":\"https:\\\/\\\/instapro.spinuhost.com\\\/es\\\/atencion-al-cliente\\\/#breadcrumb\",\"itemListElement\":[{\"@type\":\"ListItem\",\"position\":1,\"name\":\"Home\",\"item\":\"https:\\\/\\\/insta-pro.com\\\/es\\\/\"},{\"@type\":\"ListItem\",\"position\":2,\"name\":\"Atenci\u00f3n al cliente\"}]},{\"@type\":\"WebSite\",\"@id\":\"https:\\\/\\\/insta-pro.spinudev.com\\\/en\\\/#website\",\"url\":\"https:\\\/\\\/insta-pro.spinudev.com\\\/en\\\/\",\"name\":\"Insta-Pro\",\"description\":\"Extrusion Equipment Manufacturer\",\"publisher\":{\"@id\":\"https:\\\/\\\/insta-pro.spinudev.com\\\/en\\\/#organization\"},\"potentialAction\":[{\"@type\":\"SearchAction\",\"target\":{\"@type\":\"EntryPoint\",\"urlTemplate\":\"https:\\\/\\\/insta-pro.spinudev.com\\\/en\\\/?s={search_term_string}\"},\"query-input\":{\"@type\":\"PropertyValueSpecification\",\"valueRequired\":true,\"valueName\":\"search_term_string\"}}],\"inLanguage\":\"es\"},{\"@type\":\"Organization\",\"@id\":\"https:\\\/\\\/insta-pro.spinudev.com\\\/en\\\/#organization\",\"name\":\"Insta-Pro International\",\"alternateName\":\"Insta-Pro Intl.\",\"url\":\"https:\\\/\\\/insta-pro.spinudev.com\\\/en\\\/\",\"logo\":{\"@type\":\"ImageObject\",\"inLanguage\":\"es\",\"@id\":\"https:\\\/\\\/insta-pro.spinudev.com\\\/en\\\/#\\\/schema\\\/logo\\\/image\\\/\",\"url\":\"https:\\\/\\\/insta-pro.com\\\/wp-content\\\/uploads\\\/2026\\\/04\\\/512x512.jpg\",\"contentUrl\":\"https:\\\/\\\/insta-pro.com\\\/wp-content\\\/uploads\\\/2026\\\/04\\\/512x512.jpg\",\"width\":512,\"height\":512,\"caption\":\"Insta-Pro International\"},\"image\":{\"@id\":\"https:\\\/\\\/insta-pro.spinudev.com\\\/en\\\/#\\\/schema\\\/logo\\\/image\\\/\"},\"sameAs\":[\"https:\\\/\\\/www.facebook.com\\\/instaprointernational\\\/\",\"https:\\\/\\\/x.com\\\/InstaProInt\",\"https:\\\/\\\/www.linkedin.com\\\/company\\\/insta-pro-international\\\/\",\"https:\\\/\\\/www.youtube.com\\\/@insta-prointernational5033\"],\"email\":\"marketing@insta-pro.com\",\"telephone\":\"+1-515-254-1260\",\"legalName\":\"Insta-Pro International\",\"numberOfEmployees\":{\"@type\":\"QuantitativeValue\",\"minValue\":\"11\",\"maxValue\":\"50\"}}]}<\/script>\n<!-- \/ Yoast SEO Premium plugin. -->","yoast_head_json":{"title":"Atenci\u00f3n al cliente de equipos agr\u00edcolas","description":"El equipo experto de servicio al cliente de Insta-Pro lo ayuda a aprovechar al m\u00e1ximo nuestros equipos mediante pruebas, consultas, instalaci\u00f3n y m\u00e1s.","robots":{"index":"index","follow":"follow","max-snippet":"max-snippet:-1","max-image-preview":"max-image-preview:large","max-video-preview":"max-video-preview:-1"},"canonical":"https:\/\/instapro.spinuhost.com\/es\/atencion-al-cliente\/","og_locale":"es_ES","og_type":"article","og_title":"Atenci\u00f3n al cliente","og_description":"El equipo experto de servicio al cliente de Insta-Pro lo ayuda a aprovechar al m\u00e1ximo nuestros equipos mediante pruebas, consultas, instalaci\u00f3n y m\u00e1s.","og_url":"https:\/\/instapro.spinuhost.com\/es\/atencion-al-cliente\/","og_site_name":"Insta-Pro","article_publisher":"https:\/\/www.facebook.com\/instaprointernational\/","article_modified_time":"2022-11-14T16:51:19+00:00","og_image":[{"width":2560,"height":1920,"url":"https:\/\/dnhhw5f4ou41m.cloudfront.net\/wp-content\/uploads\/2022\/08\/customersupportfeature-scaled.jpg","type":"image\/jpeg"}],"twitter_card":"summary_large_image","twitter_site":"@InstaProInt","schema":{"@context":"https:\/\/schema.org","@graph":[{"@type":"WebPage","@id":"https:\/\/instapro.spinuhost.com\/es\/atencion-al-cliente\/","url":"https:\/\/instapro.spinuhost.com\/es\/atencion-al-cliente\/","name":"Atenci\u00f3n al cliente de equipos agr\u00edcolas","isPartOf":{"@id":"https:\/\/insta-pro.spinudev.com\/en\/#website"},"primaryImageOfPage":{"@id":"https:\/\/instapro.spinuhost.com\/es\/atencion-al-cliente\/#primaryimage"},"image":{"@id":"https:\/\/instapro.spinuhost.com\/es\/atencion-al-cliente\/#primaryimage"},"thumbnailUrl":"https:\/\/instapro.spinuhost.com\/wp-content\/uploads\/2022\/08\/customersupportfeature-scaled.jpg","datePublished":"2022-01-21T16:58:44+00:00","dateModified":"2022-11-14T16:51:19+00:00","description":"El equipo experto de servicio al cliente de Insta-Pro lo ayuda a aprovechar al m\u00e1ximo nuestros equipos mediante pruebas, consultas, instalaci\u00f3n y m\u00e1s.","breadcrumb":{"@id":"https:\/\/instapro.spinuhost.com\/es\/atencion-al-cliente\/#breadcrumb"},"inLanguage":"es","potentialAction":[{"@type":"ReadAction","target":["https:\/\/instapro.spinuhost.com\/es\/atencion-al-cliente\/"]}]},{"@type":"ImageObject","inLanguage":"es","@id":"https:\/\/instapro.spinuhost.com\/es\/atencion-al-cliente\/#primaryimage","url":"https:\/\/instapro.spinuhost.com\/wp-content\/uploads\/2022\/08\/customersupportfeature-scaled.jpg","contentUrl":"https:\/\/instapro.spinuhost.com\/wp-content\/uploads\/2022\/08\/customersupportfeature-scaled.jpg","width":2560,"height":1920,"caption":"C\u00c1MARA DIGITAL OLYMPUS"},{"@type":"BreadcrumbList","@id":"https:\/\/instapro.spinuhost.com\/es\/atencion-al-cliente\/#breadcrumb","itemListElement":[{"@type":"ListItem","position":1,"name":"Home","item":"https:\/\/insta-pro.com\/es\/"},{"@type":"ListItem","position":2,"name":"Atenci\u00f3n al cliente"}]},{"@type":"WebSite","@id":"https:\/\/insta-pro.spinudev.com\/en\/#website","url":"https:\/\/insta-pro.spinudev.com\/en\/","name":"Insta-Pro","description":"Extrusion Equipment Manufacturer","publisher":{"@id":"https:\/\/insta-pro.spinudev.com\/en\/#organization"},"potentialAction":[{"@type":"SearchAction","target":{"@type":"EntryPoint","urlTemplate":"https:\/\/insta-pro.spinudev.com\/en\/?s={search_term_string}"},"query-input":{"@type":"PropertyValueSpecification","valueRequired":true,"valueName":"search_term_string"}}],"inLanguage":"es"},{"@type":"Organization","@id":"https:\/\/insta-pro.spinudev.com\/en\/#organization","name":"Insta-Pro International","alternateName":"Insta-Pro Intl.","url":"https:\/\/insta-pro.spinudev.com\/en\/","logo":{"@type":"ImageObject","inLanguage":"es","@id":"https:\/\/insta-pro.spinudev.com\/en\/#\/schema\/logo\/image\/","url":"https:\/\/insta-pro.com\/wp-content\/uploads\/2026\/04\/512x512.jpg","contentUrl":"https:\/\/insta-pro.com\/wp-content\/uploads\/2026\/04\/512x512.jpg","width":512,"height":512,"caption":"Insta-Pro International"},"image":{"@id":"https:\/\/insta-pro.spinudev.com\/en\/#\/schema\/logo\/image\/"},"sameAs":["https:\/\/www.facebook.com\/instaprointernational\/","https:\/\/x.com\/InstaProInt","https:\/\/www.linkedin.com\/company\/insta-pro-international\/","https:\/\/www.youtube.com\/@insta-prointernational5033"],"email":"marketing@insta-pro.com","telephone":"+1-515-254-1260","legalName":"Insta-Pro International","numberOfEmployees":{"@type":"QuantitativeValue","minValue":"11","maxValue":"50"}}]}},"_links":{"self":[{"href":"https:\/\/instapro.spinuhost.com\/es\/wp-json\/wp\/v2\/pages\/15791","targetHints":{"allow":["GET"]}}],"collection":[{"href":"https:\/\/instapro.spinuhost.com\/es\/wp-json\/wp\/v2\/pages"}],"about":[{"href":"https:\/\/instapro.spinuhost.com\/es\/wp-json\/wp\/v2\/types\/page"}],"author":[{"embeddable":true,"href":"https:\/\/instapro.spinuhost.com\/es\/wp-json\/wp\/v2\/users\/53"}],"replies":[{"embeddable":true,"href":"https:\/\/instapro.spinuhost.com\/es\/wp-json\/wp\/v2\/comments?post=15791"}],"version-history":[{"count":0,"href":"https:\/\/instapro.spinuhost.com\/es\/wp-json\/wp\/v2\/pages\/15791\/revisions"}],"wp:featuredmedia":[{"embeddable":true,"href":"https:\/\/instapro.spinuhost.com\/es\/wp-json\/wp\/v2\/media\/16846"}],"wp:attachment":[{"href":"https:\/\/instapro.spinuhost.com\/es\/wp-json\/wp\/v2\/media?parent=15791"}],"curies":[{"name":"wp","href":"https:\/\/api.w.org\/{rel}","templated":true}]}}